{"id":145,"date":"2022-04-14T06:10:42","date_gmt":"2022-04-14T06:10:42","guid":{"rendered":"https:\/\/theturboengineers.com\/?page_id=145"},"modified":"2023-04-14T21:49:30","modified_gmt":"2023-04-14T21:49:30","slug":"company-2","status":"publish","type":"page","link":"https:\/\/theturboengineers.com\/en\/unternehmen\/","title":{"rendered":"Overview"},"content":{"rendered":"<div data-elementor-type=\"wp-page\" data-elementor-id=\"145\" class=\"elementor elementor-145\" data-elementor-settings=\"{&quot;ha_cmc_init_switcher&quot;:&quot;no&quot;}\" data-elementor-post-type=\"page\">\n\t\t\t\t\t\t<section class=\"elementor-section elementor-top-section elementor-element elementor-element-58cb2318 elementor-section-boxed elementor-section-height-default elementor-section-height-default\" data-id=\"58cb2318\" data-element_type=\"section\" data-e-type=\"section\" data-settings=\"{&quot;background_background&quot;:&quot;classic&quot;,&quot;shape_divider_bottom&quot;:&quot;triangle-asymmetrical&quot;}\">\n\t\t\t\t\t<div class=\"elementor-shape elementor-shape-bottom\" aria-hidden=\"true\" data-negative=\"false\">\n\t\t\t<svg xmlns=\"http:\/\/www.w3.org\/2000\/svg\" viewbox=\"0 0 1000 100\" preserveaspectratio=\"none\">\n\t<path class=\"elementor-shape-fill\" d=\"M738,99l262-93V0H0v5.6L738,99z\"\/>\n<\/svg>\t\t<\/div>\n\t\t\t\t\t<div class=\"elementor-container elementor-column-gap-default\">\n\t\t\t\t\t<div class=\"elementor-column elementor-col-100 elementor-top-column elementor-element elementor-element-5abd6c41\" data-id=\"5abd6c41\" data-element_type=\"column\" data-e-type=\"column\">\n\t\t\t<div class=\"elementor-widget-wrap elementor-element-populated\">\n\t\t\t\t\t\t<section class=\"elementor-section elementor-inner-section elementor-element elementor-element-5e05f9d3 elementor-section-height-min-height elementor-section-boxed elementor-section-height-default\" data-id=\"5e05f9d3\" data-element_type=\"section\" data-e-type=\"section\">\n\t\t\t\t\t\t<div class=\"elementor-container elementor-column-gap-default\">\n\t\t\t\t\t<div class=\"elementor-column elementor-col-100 elementor-inner-column elementor-element elementor-element-1898542d\" data-id=\"1898542d\" data-element_type=\"column\" data-e-type=\"column\">\n\t\t\t<div class=\"elementor-widget-wrap\">\n\t\t\t\t\t\t\t<\/div>\n\t\t<\/div>\n\t\t\t\t\t<\/div>\n\t\t<\/section>\n\t\t\t\t\t<\/div>\n\t\t<\/div>\n\t\t\t\t\t<\/div>\n\t\t<\/section>\n\t\t\t\t<section class=\"elementor-section elementor-top-section elementor-element elementor-element-6a2243a8 elementor-section-boxed elementor-section-height-default elementor-section-height-default\" data-id=\"6a2243a8\" data-element_type=\"section\" data-e-type=\"section\">\n\t\t\t\t\t\t<div class=\"elementor-container elementor-column-gap-default\">\n\t\t\t\t\t<div class=\"elementor-column elementor-col-100 elementor-top-column elementor-element elementor-element-7da7e912\" data-id=\"7da7e912\" data-element_type=\"column\" data-e-type=\"column\">\n\t\t\t<div class=\"elementor-widget-wrap elementor-element-populated\">\n\t\t\t\t\t\t<div class=\"elementor-element elementor-element-62fc9c41 elementor-widget elementor-widget-heading\" data-id=\"62fc9c41\" data-element_type=\"widget\" data-e-type=\"widget\" data-widget_type=\"heading.default\">\n\t\t\t\t<div class=\"elementor-widget-container\">\n\t\t\t\t\t<h1 class=\"elementor-heading-title elementor-size-default\">Company<\/h1>\t\t\t\t<\/div>\n\t\t\t\t<\/div>\n\t\t\t\t<div class=\"elementor-element elementor-element-7c06416 elementor-widget elementor-widget-text-editor\" data-id=\"7c06416\" data-element_type=\"widget\" data-e-type=\"widget\" data-widget_type=\"text-editor.default\">\n\t\t\t\t<div class=\"elementor-widget-container\">\n\t\t\t\t\t\t\t\t\t<div><p class=\"font8\">TurboEngineers GmbH is a dynamic and highly innovative turbocharger engineering company, specialized in the production of motorsport turbochargers of the highest quality and highest efficiency for the automotive sector. We focus on prototype design from concept to completion, with most of the work done in-house to meet our own extremely high standards. In doing so, every component is optimized for the greatest possible reliability and longevity.<\/p><\/div><div><p class=\"font8\">Small production runs are just as important to us as converting existing OE turbochargers to new upgrade specifications, whether new or from a supplied used turbocharger.<\/p><\/div><div><p class=\"font8\">TheTurboEngineers GmbH advises racing teams and many well-known tuning houses looking for the best turbochargers available.<\/p><\/div><div><p class=\"font8\">TurboEngineers' headquarters are located in Dachau on the outskirts of Munich.<\/p><\/div>\t\t\t\t\t\t\t\t<\/div>\n\t\t\t\t<\/div>\n\t\t\t\t<div class=\"elementor-element elementor-element-0522f95 elementor-widget elementor-widget-gallery\" data-id=\"0522f95\" data-element_type=\"widget\" data-e-type=\"widget\" data-settings=\"{&quot;image_hover_animation&quot;:&quot;grow&quot;,&quot;columns_mobile&quot;:2,&quot;lazyload&quot;:&quot;yes&quot;,&quot;gallery_layout&quot;:&quot;grid&quot;,&quot;columns&quot;:4,&quot;columns_tablet&quot;:2,&quot;gap&quot;:{&quot;unit&quot;:&quot;px&quot;,&quot;size&quot;:10,&quot;sizes&quot;:[]},&quot;gap_widescreen&quot;:{&quot;unit&quot;:&quot;px&quot;,&quot;size&quot;:&quot;&quot;,&quot;sizes&quot;:[]},&quot;gap_tablet&quot;:{&quot;unit&quot;:&quot;px&quot;,&quot;size&quot;:10,&quot;sizes&quot;:[]},&quot;gap_mobile&quot;:{&quot;unit&quot;:&quot;px&quot;,&quot;size&quot;:10,&quot;sizes&quot;:[]},&quot;link_to&quot;:&quot;file&quot;,&quot;aspect_ratio&quot;:&quot;3:2&quot;,&quot;overlay_background&quot;:&quot;yes&quot;,&quot;content_hover_animation&quot;:&quot;fade-in&quot;}\" data-widget_type=\"gallery.default\">\n\t\t\t\t<div class=\"elementor-widget-container\">\n\t\t\t\t\t\t\t<div class=\"elementor-gallery__container\">\n\t\t\t\t\t\t\t<a class=\"e-gallery-item elementor-gallery-item elementor-animated-content\" href=\"https:\/\/theturboengineers.com\/wp-content\/uploads\/2022\/07\/Zusammenbau-3.jpg\" data-elementor-open-lightbox=\"yes\" data-elementor-lightbox-slideshow=\"0522f95\" data-e-action-hash=\"#elementor-action%3Aaction%3Dlightbox%26settings%3DeyJpZCI6MTc4NSwidXJsIjoiaHR0cHM6XC9cL3RoZXR1cmJvZW5naW5lZXJzLmNvbVwvd3AtY29udGVudFwvdXBsb2Fkc1wvMjAyMlwvMDdcL1p1c2FtbWVuYmF1LTMuanBnIiwic2xpZGVzaG93IjoiMDUyMmY5NSJ9\">\n\t\t\t\t\t<div class=\"e-gallery-image elementor-gallery-item__image\" data-thumbnail=\"https:\/\/theturboengineers.com\/wp-content\/uploads\/2022\/07\/Zusammenbau-3-768x512.jpg\" data-width=\"768\" data-height=\"512\" aria-label=\"Upgrade turbocharger bearing assembly TTE\" role=\"img\" ><\/div>\n\t\t\t\t\t\t\t\t\t\t\t<div class=\"elementor-gallery-item__overlay\"><\/div>\n\t\t\t\t\t\t\t\t\t\t\t\t\t\t<\/a>\n\t\t\t\t\t\t\t<a class=\"e-gallery-item elementor-gallery-item elementor-animated-content\" href=\"https:\/\/theturboengineers.com\/wp-content\/uploads\/2022\/07\/S58-Lader.jpg\" data-elementor-open-lightbox=\"yes\" data-elementor-lightbox-slideshow=\"0522f95\" data-e-action-hash=\"#elementor-action%3Aaction%3Dlightbox%26settings%3DeyJpZCI6MTc4MywidXJsIjoiaHR0cHM6XC9cL3RoZXR1cmJvZW5naW5lZXJzLmNvbVwvd3AtY29udGVudFwvdXBsb2Fkc1wvMjAyMlwvMDdcL1M1OC1MYWRlci5qcGciLCJzbGlkZXNob3ciOiIwNTIyZjk1In0%3D\">\n\t\t\t\t\t<div class=\"e-gallery-image elementor-gallery-item__image\" data-thumbnail=\"https:\/\/theturboengineers.com\/wp-content\/uploads\/2022\/07\/S58-Lader-768x512.jpg\" data-width=\"768\" data-height=\"512\" aria-label=\"BMW S58 TTE940 upgrade turbocharger TheTurboEngineers\" role=\"img\" ><\/div>\n\t\t\t\t\t\t\t\t\t\t\t<div class=\"elementor-gallery-item__overlay\"><\/div>\n\t\t\t\t\t\t\t\t\t\t\t\t\t\t<\/a>\n\t\t\t\t\t\t\t<a class=\"e-gallery-item elementor-gallery-item elementor-animated-content\" href=\"https:\/\/theturboengineers.com\/wp-content\/uploads\/2022\/07\/DMU50-.jpg\" data-elementor-open-lightbox=\"yes\" data-elementor-lightbox-slideshow=\"0522f95\" data-e-action-hash=\"#elementor-action%3Aaction%3Dlightbox%26settings%3DeyJpZCI6MTc4MSwidXJsIjoiaHR0cHM6XC9cL3RoZXR1cmJvZW5naW5lZXJzLmNvbVwvd3AtY29udGVudFwvdXBsb2Fkc1wvMjAyMlwvMDdcL0RNVTUwLS5qcGciLCJzbGlkZXNob3ciOiIwNTIyZjk1In0%3D\">\n\t\t\t\t\t<div class=\"e-gallery-image elementor-gallery-item__image\" data-thumbnail=\"https:\/\/theturboengineers.com\/wp-content\/uploads\/2022\/07\/DMU50--768x512.jpg\" data-width=\"768\" data-height=\"512\" aria-label=\"Cover Maho DMU 50 machining center in operation\" role=\"img\" ><\/div>\n\t\t\t\t\t\t\t\t\t\t\t<div class=\"elementor-gallery-item__overlay\"><\/div>\n\t\t\t\t\t\t\t\t\t\t\t\t\t\t<\/a>\n\t\t\t\t\t\t\t<a class=\"e-gallery-item elementor-gallery-item elementor-animated-content\" href=\"https:\/\/theturboengineers.com\/wp-content\/uploads\/2022\/07\/Wuchten.jpg\" data-elementor-open-lightbox=\"yes\" data-elementor-lightbox-slideshow=\"0522f95\" data-e-action-hash=\"#elementor-action%3Aaction%3Dlightbox%26settings%3DeyJpZCI6MTc4NCwidXJsIjoiaHR0cHM6XC9cL3RoZXR1cmJvZW5naW5lZXJzLmNvbVwvd3AtY29udGVudFwvdXBsb2Fkc1wvMjAyMlwvMDdcL1d1Y2h0ZW4uanBnIiwic2xpZGVzaG93IjoiMDUyMmY5NSJ9\">\n\t\t\t\t\t<div class=\"e-gallery-image elementor-gallery-item__image\" data-thumbnail=\"https:\/\/theturboengineers.com\/wp-content\/uploads\/2022\/07\/Wuchten-768x512.jpg\" data-width=\"768\" data-height=\"512\" aria-label=\"Upgrade turbocharger balancing TTE\" role=\"img\" ><\/div>\n\t\t\t\t\t\t\t\t\t\t\t<div class=\"elementor-gallery-item__overlay\"><\/div>\n\t\t\t\t\t\t\t\t\t\t\t\t\t\t<\/a>\n\t\t\t\t\t\t\t<a class=\"e-gallery-item elementor-gallery-item elementor-animated-content\" href=\"https:\/\/theturboengineers.com\/wp-content\/uploads\/2022\/07\/1-2.jpg\" data-elementor-open-lightbox=\"yes\" data-elementor-lightbox-slideshow=\"0522f95\" data-e-action-hash=\"#elementor-action%3Aaction%3Dlightbox%26settings%3DeyJpZCI6MTc3OCwidXJsIjoiaHR0cHM6XC9cL3RoZXR1cmJvZW5naW5lZXJzLmNvbVwvd3AtY29udGVudFwvdXBsb2Fkc1wvMjAyMlwvMDdcLzEtMi5qcGciLCJzbGlkZXNob3ciOiIwNTIyZjk1In0%3D\">\n\t\t\t\t\t<div class=\"e-gallery-image elementor-gallery-item__image\" data-thumbnail=\"https:\/\/theturboengineers.com\/wp-content\/uploads\/2022\/07\/1-2.jpg\" data-width=\"667\" data-height=\"1000\" aria-label=\"Turbocharger assembly table in production by TheTurboEngineers\" role=\"img\" ><\/div>\n\t\t\t\t\t\t\t\t\t\t\t<div class=\"elementor-gallery-item__overlay\"><\/div>\n\t\t\t\t\t\t\t\t\t\t\t\t\t\t<\/a>\n\t\t\t\t\t\t\t<a class=\"e-gallery-item elementor-gallery-item elementor-animated-content\" href=\"https:\/\/theturboengineers.com\/wp-content\/uploads\/2022\/07\/2-e1659715726304.jpg\" data-elementor-open-lightbox=\"yes\" data-elementor-lightbox-slideshow=\"0522f95\" data-e-action-hash=\"#elementor-action%3Aaction%3Dlightbox%26settings%3DeyJpZCI6MTc3OSwidXJsIjoiaHR0cHM6XC9cL3RoZXR1cmJvZW5naW5lZXJzLmNvbVwvd3AtY29udGVudFwvdXBsb2Fkc1wvMjAyMlwvMDdcLzItZTE2NTk3MTU3MjYzMDQuanBnIiwic2xpZGVzaG93IjoiMDUyMmY5NSJ9\">\n\t\t\t\t\t<div class=\"e-gallery-image elementor-gallery-item__image\" data-thumbnail=\"https:\/\/theturboengineers.com\/wp-content\/uploads\/2022\/07\/2-e1659715726304-768x512.jpg\" data-width=\"768\" data-height=\"512\" aria-label=\"\" role=\"img\" ><\/div>\n\t\t\t\t\t\t\t\t\t\t\t<div class=\"elementor-gallery-item__overlay\"><\/div>\n\t\t\t\t\t\t\t\t\t\t\t\t\t\t<\/a>\n\t\t\t\t\t\t\t<a class=\"e-gallery-item elementor-gallery-item elementor-animated-content\" href=\"https:\/\/theturboengineers.com\/wp-content\/uploads\/2022\/07\/Flamme.jpg\" data-elementor-open-lightbox=\"yes\" data-elementor-lightbox-slideshow=\"0522f95\" data-e-action-hash=\"#elementor-action%3Aaction%3Dlightbox%26settings%3DeyJpZCI6MTc4MiwidXJsIjoiaHR0cHM6XC9cL3RoZXR1cmJvZW5naW5lZXJzLmNvbVwvd3AtY29udGVudFwvdXBsb2Fkc1wvMjAyMlwvMDdcL0ZsYW1tZS5qcGciLCJzbGlkZXNob3ciOiIwNTIyZjk1In0%3D\">\n\t\t\t\t\t<div class=\"e-gallery-image elementor-gallery-item__image\" data-thumbnail=\"https:\/\/theturboengineers.com\/wp-content\/uploads\/2022\/07\/Flamme-768x512.jpg\" data-width=\"768\" data-height=\"512\" aria-label=\"Upgrade turbocharger assembly TTE\" role=\"img\" ><\/div>\n\t\t\t\t\t\t\t\t\t\t\t<div class=\"elementor-gallery-item__overlay\"><\/div>\n\t\t\t\t\t\t\t\t\t\t\t\t\t\t<\/a>\n\t\t\t\t\t\t\t<a class=\"e-gallery-item elementor-gallery-item elementor-animated-content\" href=\"https:\/\/theturboengineers.com\/wp-content\/uploads\/2022\/07\/de-2-Schiachn-e1659715705437.jpg\" data-elementor-open-lightbox=\"yes\" data-elementor-lightbox-slideshow=\"0522f95\" data-e-action-hash=\"#elementor-action%3Aaction%3Dlightbox%26settings%3DeyJpZCI6MTc4MCwidXJsIjoiaHR0cHM6XC9cL3RoZXR1cmJvZW5naW5lZXJzLmNvbVwvd3AtY29udGVudFwvdXBsb2Fkc1wvMjAyMlwvMDdcL2RlLTItU2NoaWFjaG4tZTE2NTk3MTU3MDU0MzcuanBnIiwic2xpZGVzaG93IjoiMDUyMmY5NSJ9\">\n\t\t\t\t\t<div class=\"e-gallery-image elementor-gallery-item__image\" data-thumbnail=\"https:\/\/theturboengineers.com\/wp-content\/uploads\/2022\/07\/de-2-Schiachn-e1659715705437.jpg\" data-width=\"667\" data-height=\"445\" aria-label=\"Basti and S\u00f6ren from the team TheTurboEngineers #TTEGANG\" role=\"img\" ><\/div>\n\t\t\t\t\t\t\t\t\t\t\t<div class=\"elementor-gallery-item__overlay\"><\/div>\n\t\t\t\t\t\t\t\t\t\t\t\t\t\t<\/a>\n\t\t\t\t\t\t\t<a class=\"e-gallery-item elementor-gallery-item elementor-animated-content\" href=\"https:\/\/theturboengineers.com\/wp-content\/uploads\/2022\/07\/DMU50.jpg\" data-elementor-open-lightbox=\"yes\" data-elementor-lightbox-slideshow=\"0522f95\" data-e-action-hash=\"#elementor-action%3Aaction%3Dlightbox%26settings%3DeyJpZCI6MTgyMiwidXJsIjoiaHR0cHM6XC9cL3RoZXR1cmJvZW5naW5lZXJzLmNvbVwvd3AtY29udGVudFwvdXBsb2Fkc1wvMjAyMlwvMDdcL0RNVTUwLmpwZyIsInNsaWRlc2hvdyI6IjA1MjJmOTUifQ%3D%3D\">\n\t\t\t\t\t<div class=\"e-gallery-image elementor-gallery-item__image\" data-thumbnail=\"https:\/\/theturboengineers.com\/wp-content\/uploads\/2022\/07\/DMU50-768x512.jpg\" data-width=\"768\" data-height=\"512\" aria-label=\"Cover Maho DMU50 machining center delivery 2017\" role=\"img\" ><\/div>\n\t\t\t\t\t\t\t\t\t\t\t<div class=\"elementor-gallery-item__overlay\"><\/div>\n\t\t\t\t\t\t\t\t\t\t\t\t\t\t<\/a>\n\t\t\t\t\t\t\t<a class=\"e-gallery-item elementor-gallery-item elementor-animated-content\" href=\"https:\/\/theturboengineers.com\/wp-content\/uploads\/2022\/07\/Zusammenbau.jpg\" data-elementor-open-lightbox=\"yes\" data-elementor-lightbox-slideshow=\"0522f95\" data-e-action-hash=\"#elementor-action%3Aaction%3Dlightbox%26settings%3DeyJpZCI6MTc4NiwidXJsIjoiaHR0cHM6XC9cL3RoZXR1cmJvZW5naW5lZXJzLmNvbVwvd3AtY29udGVudFwvdXBsb2Fkc1wvMjAyMlwvMDdcL1p1c2FtbWVuYmF1LmpwZyIsInNsaWRlc2hvdyI6IjA1MjJmOTUifQ%3D%3D\">\n\t\t\t\t\t<div class=\"e-gallery-image elementor-gallery-item__image\" data-thumbnail=\"https:\/\/theturboengineers.com\/wp-content\/uploads\/2022\/07\/Zusammenbau-768x512.jpg\" data-width=\"768\" data-height=\"512\" aria-label=\"Upgrade turbocharger bearing assembly TTE\" role=\"img\" ><\/div>\n\t\t\t\t\t\t\t\t\t\t\t<div class=\"elementor-gallery-item__overlay\"><\/div>\n\t\t\t\t\t\t\t\t\t\t\t\t\t\t<\/a>\n\t\t\t\t\t<\/div>\n\t\t\t\t\t<\/div>\n\t\t\t\t<\/div>\n\t\t\t\t\t<\/div>\n\t\t<\/div>\n\t\t\t\t\t<\/div>\n\t\t<\/section>\n\t\t\t\t<\/div>","protected":false},"excerpt":{"rendered":"<p>Unternehmen Die TurboEngineers GmbH ist ein dynamisches und hochinnovatives Turbolader-Engineering-Unternehmen, spezialisiert auf die Produktion von Motorsport-Turboladern in h\u00f6chster Qualit\u00e4t und h\u00f6chster Effizienz f\u00fcr den Automotive-Bereich. Wir konzentrieren uns auf die Konstruktion von Prototypen vom Konzept bis zur Fertigstellung, wobei alle Arbeiten gr\u00f6\u00dftenteils intern ausgef\u00fchrt werden, um unseren eigenen extrem hohen Standards gerecht zu werden. Dabei [&hellip;]<\/p>\n","protected":false},"author":1,"featured_media":1781,"parent":0,"menu_order":0,"comment_status":"closed","ping_status":"closed","template":"elementor_header_footer","meta":{"footnotes":""},"class_list":["post-145","page","type-page","status-publish","has-post-thumbnail","hentry"],"yoast_head":"<!-- This site is optimized with the Yoast SEO plugin v27.3 - https:\/\/yoast.com\/product\/yoast-seo-wordpress\/ -->\n<title>Unternehmen | TheTurboEngineers GmbH | Wir \u00fcber uns<\/title>\n<meta name=\"description\" content=\"TheTurboEngineers GmbH ber\u00e4t Rennteams und viele bekannte Tuning-H\u00e4user, die auf der Suche nach den besten verf\u00fcgbaren Turboladern sind.\" \/>\n<meta name=\"robots\" content=\"index, follow, max-snippet:-1, max-image-preview:large, max-video-preview:-1\" \/>\n<link rel=\"canonical\" href=\"https:\/\/theturboengineers.com\/en\/company\/\" \/>\n<meta property=\"og:locale\" content=\"en_US\" \/>\n<meta property=\"og:type\" content=\"article\" \/>\n<meta property=\"og:title\" content=\"Unternehmen | TheTurboEngineers GmbH | Wir \u00fcber uns\" \/>\n<meta property=\"og:description\" content=\"TheTurboEngineers GmbH ber\u00e4t Rennteams und viele bekannte Tuning-H\u00e4user, die auf der Suche nach den besten verf\u00fcgbaren Turboladern sind.\" \/>\n<meta property=\"og:url\" content=\"https:\/\/theturboengineers.com\/en\/company\/\" \/>\n<meta property=\"og:site_name\" content=\"TheTurboEngineers GmbH\" \/>\n<meta property=\"article:publisher\" content=\"https:\/\/www.facebook.com\/TheTurboEngineers\" \/>\n<meta property=\"article:modified_time\" content=\"2023-04-14T21:49:30+00:00\" \/>\n<meta property=\"og:image\" content=\"https:\/\/theturboengineers.com\/wp-content\/uploads\/2022\/07\/DMU50-.jpg\" \/>\n\t<meta property=\"og:image:width\" content=\"1000\" \/>\n\t<meta property=\"og:image:height\" content=\"667\" \/>\n\t<meta property=\"og:image:type\" content=\"image\/jpeg\" \/>\n<meta name=\"twitter:card\" content=\"summary_large_image\" \/>\n<meta name=\"twitter:title\" content=\"Unternehmen | TheTurboEngineers GmbH | Wir \u00fcber uns\" \/>\n<meta name=\"twitter:description\" content=\"TheTurboEngineers GmbH ber\u00e4t Rennteams und viele bekannte Tuning-H\u00e4user, die auf der Suche nach den besten verf\u00fcgbaren Turboladern sind.\" \/>\n<meta name=\"twitter:image\" content=\"https:\/\/theturboengineers.com\/wp-content\/uploads\/2022\/07\/DMU50-.jpg\" \/>\n<meta name=\"twitter:label1\" content=\"Est. reading time\" \/>\n\t<meta name=\"twitter:data1\" content=\"2 minutes\" \/>\n<script type=\"application\/ld+json\" class=\"yoast-schema-graph\">{\"@context\":\"https:\\\/\\\/schema.org\",\"@graph\":[{\"@type\":\"WebPage\",\"@id\":\"https:\\\/\\\/theturboengineers.com\\\/company\\\/\",\"url\":\"https:\\\/\\\/theturboengineers.com\\\/company\\\/\",\"name\":\"Unternehmen | TheTurboEngineers GmbH | Wir \u00fcber uns\",\"isPartOf\":{\"@id\":\"https:\\\/\\\/theturboengineers.com\\\/#website\"},\"primaryImageOfPage\":{\"@id\":\"https:\\\/\\\/theturboengineers.com\\\/company\\\/#primaryimage\"},\"image\":{\"@id\":\"https:\\\/\\\/theturboengineers.com\\\/company\\\/#primaryimage\"},\"thumbnailUrl\":\"https:\\\/\\\/theturboengineers.com\\\/wp-content\\\/uploads\\\/2022\\\/07\\\/DMU50-.jpg\",\"datePublished\":\"2022-04-14T06:10:42+00:00\",\"dateModified\":\"2023-04-14T21:49:30+00:00\",\"description\":\"TheTurboEngineers GmbH ber\u00e4t Rennteams und viele bekannte Tuning-H\u00e4user, die auf der Suche nach den besten verf\u00fcgbaren Turboladern sind.\",\"breadcrumb\":{\"@id\":\"https:\\\/\\\/theturboengineers.com\\\/company\\\/#breadcrumb\"},\"inLanguage\":\"en-US\",\"potentialAction\":[{\"@type\":\"ReadAction\",\"target\":[\"https:\\\/\\\/theturboengineers.com\\\/company\\\/\"]}]},{\"@type\":\"ImageObject\",\"inLanguage\":\"en-US\",\"@id\":\"https:\\\/\\\/theturboengineers.com\\\/company\\\/#primaryimage\",\"url\":\"https:\\\/\\\/theturboengineers.com\\\/wp-content\\\/uploads\\\/2022\\\/07\\\/DMU50-.jpg\",\"contentUrl\":\"https:\\\/\\\/theturboengineers.com\\\/wp-content\\\/uploads\\\/2022\\\/07\\\/DMU50-.jpg\",\"width\":1000,\"height\":667,\"caption\":\"Deckel Maho DMU 50 Bearbeitungszentrum in Betrieb\"},{\"@type\":\"BreadcrumbList\",\"@id\":\"https:\\\/\\\/theturboengineers.com\\\/company\\\/#breadcrumb\",\"itemListElement\":[{\"@type\":\"ListItem\",\"position\":1,\"name\":\"Startseite\",\"item\":\"https:\\\/\\\/theturboengineers.com\\\/\"},{\"@type\":\"ListItem\",\"position\":2,\"name\":\"\u00dcberblick\"}]},{\"@type\":\"WebSite\",\"@id\":\"https:\\\/\\\/theturboengineers.com\\\/#website\",\"url\":\"https:\\\/\\\/theturboengineers.com\\\/\",\"name\":\"TheTurboEngineers GmbH\",\"description\":\"ENGINEERING HAS MADE US\",\"publisher\":{\"@id\":\"https:\\\/\\\/theturboengineers.com\\\/#organization\"},\"alternateName\":\"TTE GmbH\",\"potentialAction\":[{\"@type\":\"SearchAction\",\"target\":{\"@type\":\"EntryPoint\",\"urlTemplate\":\"https:\\\/\\\/theturboengineers.com\\\/?s={search_term_string}\"},\"query-input\":{\"@type\":\"PropertyValueSpecification\",\"valueRequired\":true,\"valueName\":\"search_term_string\"}}],\"inLanguage\":\"en-US\"},{\"@type\":\"Organization\",\"@id\":\"https:\\\/\\\/theturboengineers.com\\\/#organization\",\"name\":\"The Turbo Engineers GmbH\",\"alternateName\":\"TTE GmbH\",\"url\":\"https:\\\/\\\/theturboengineers.com\\\/\",\"logo\":{\"@type\":\"ImageObject\",\"inLanguage\":\"en-US\",\"@id\":\"https:\\\/\\\/theturboengineers.com\\\/#\\\/schema\\\/logo\\\/image\\\/\",\"url\":\"https:\\\/\\\/theturboengineers.com\\\/wp-content\\\/uploads\\\/2022\\\/04\\\/TTE_Logo_ohne-web.jpg\",\"contentUrl\":\"https:\\\/\\\/theturboengineers.com\\\/wp-content\\\/uploads\\\/2022\\\/04\\\/TTE_Logo_ohne-web.jpg\",\"width\":1107,\"height\":186,\"caption\":\"The Turbo Engineers GmbH\"},\"image\":{\"@id\":\"https:\\\/\\\/theturboengineers.com\\\/#\\\/schema\\\/logo\\\/image\\\/\"},\"sameAs\":[\"https:\\\/\\\/www.facebook.com\\\/TheTurboEngineers\",\"https:\\\/\\\/www.instagram.com\\\/theturboengineers\"]}]}<\/script>\n<!-- \/ Yoast SEO plugin. -->","yoast_head_json":{"title":"Company | TheTurboEngineers GmbH | About us","description":"TheTurboEngineers GmbH advises racing teams and many well-known tuning houses looking for the best turbochargers available.","robots":{"index":"index","follow":"follow","max-snippet":"max-snippet:-1","max-image-preview":"max-image-preview:large","max-video-preview":"max-video-preview:-1"},"canonical":"https:\/\/theturboengineers.com\/en\/company\/","og_locale":"en_US","og_type":"article","og_title":"Unternehmen | TheTurboEngineers GmbH | Wir \u00fcber uns","og_description":"TheTurboEngineers GmbH ber\u00e4t Rennteams und viele bekannte Tuning-H\u00e4user, die auf der Suche nach den besten verf\u00fcgbaren Turboladern sind.","og_url":"https:\/\/theturboengineers.com\/en\/company\/","og_site_name":"TheTurboEngineers GmbH","article_publisher":"https:\/\/www.facebook.com\/TheTurboEngineers","article_modified_time":"2023-04-14T21:49:30+00:00","og_image":[{"width":1000,"height":667,"url":"https:\/\/theturboengineers.com\/wp-content\/uploads\/2022\/07\/DMU50-.jpg","type":"image\/jpeg"}],"twitter_card":"summary_large_image","twitter_title":"Unternehmen | TheTurboEngineers GmbH | Wir \u00fcber uns","twitter_description":"TheTurboEngineers GmbH ber\u00e4t Rennteams und viele bekannte Tuning-H\u00e4user, die auf der Suche nach den besten verf\u00fcgbaren Turboladern sind.","twitter_image":"https:\/\/theturboengineers.com\/wp-content\/uploads\/2022\/07\/DMU50-.jpg","twitter_misc":{"Est. reading time":"2 minutes"},"schema":{"@context":"https:\/\/schema.org","@graph":[{"@type":"WebPage","@id":"https:\/\/theturboengineers.com\/company\/","url":"https:\/\/theturboengineers.com\/company\/","name":"Company | TheTurboEngineers GmbH | About us","isPartOf":{"@id":"https:\/\/theturboengineers.com\/#website"},"primaryImageOfPage":{"@id":"https:\/\/theturboengineers.com\/company\/#primaryimage"},"image":{"@id":"https:\/\/theturboengineers.com\/company\/#primaryimage"},"thumbnailUrl":"https:\/\/theturboengineers.com\/wp-content\/uploads\/2022\/07\/DMU50-.jpg","datePublished":"2022-04-14T06:10:42+00:00","dateModified":"2023-04-14T21:49:30+00:00","description":"TheTurboEngineers GmbH advises racing teams and many well-known tuning houses looking for the best turbochargers available.","breadcrumb":{"@id":"https:\/\/theturboengineers.com\/company\/#breadcrumb"},"inLanguage":"en-US","potentialAction":[{"@type":"ReadAction","target":["https:\/\/theturboengineers.com\/company\/"]}]},{"@type":"ImageObject","inLanguage":"en-US","@id":"https:\/\/theturboengineers.com\/company\/#primaryimage","url":"https:\/\/theturboengineers.com\/wp-content\/uploads\/2022\/07\/DMU50-.jpg","contentUrl":"https:\/\/theturboengineers.com\/wp-content\/uploads\/2022\/07\/DMU50-.jpg","width":1000,"height":667,"caption":"Deckel Maho DMU 50 Bearbeitungszentrum in Betrieb"},{"@type":"BreadcrumbList","@id":"https:\/\/theturboengineers.com\/company\/#breadcrumb","itemListElement":[{"@type":"ListItem","position":1,"name":"Startseite","item":"https:\/\/theturboengineers.com\/"},{"@type":"ListItem","position":2,"name":"\u00dcberblick"}]},{"@type":"WebSite","@id":"https:\/\/theturboengineers.com\/#website","url":"https:\/\/theturboengineers.com\/","name":"TheTurboEngineers GmbH","description":"ENGINEERING HAS MADE US","publisher":{"@id":"https:\/\/theturboengineers.com\/#organization"},"alternateName":"TTE GmbH","potentialAction":[{"@type":"SearchAction","target":{"@type":"EntryPoint","urlTemplate":"https:\/\/theturboengineers.com\/?s={search_term_string}"},"query-input":{"@type":"PropertyValueSpecification","valueRequired":true,"valueName":"search_term_string"}}],"inLanguage":"en-US"},{"@type":"Organization","@id":"https:\/\/theturboengineers.com\/#organization","name":"The Turbo Engineers GmbH","alternateName":"TTE GmbH","url":"https:\/\/theturboengineers.com\/","logo":{"@type":"ImageObject","inLanguage":"en-US","@id":"https:\/\/theturboengineers.com\/#\/schema\/logo\/image\/","url":"https:\/\/theturboengineers.com\/wp-content\/uploads\/2022\/04\/TTE_Logo_ohne-web.jpg","contentUrl":"https:\/\/theturboengineers.com\/wp-content\/uploads\/2022\/04\/TTE_Logo_ohne-web.jpg","width":1107,"height":186,"caption":"The Turbo Engineers GmbH"},"image":{"@id":"https:\/\/theturboengineers.com\/#\/schema\/logo\/image\/"},"sameAs":["https:\/\/www.facebook.com\/TheTurboEngineers","https:\/\/www.instagram.com\/theturboengineers"]}]}},"_links":{"self":[{"href":"https:\/\/theturboengineers.com\/en\/wp-json\/wp\/v2\/pages\/145","targetHints":{"allow":["GET"]}}],"collection":[{"href":"https:\/\/theturboengineers.com\/en\/wp-json\/wp\/v2\/pages"}],"about":[{"href":"https:\/\/theturboengineers.com\/en\/wp-json\/wp\/v2\/types\/page"}],"author":[{"embeddable":true,"href":"https:\/\/theturboengineers.com\/en\/wp-json\/wp\/v2\/users\/1"}],"replies":[{"embeddable":true,"href":"https:\/\/theturboengineers.com\/en\/wp-json\/wp\/v2\/comments?post=145"}],"version-history":[{"count":0,"href":"https:\/\/theturboengineers.com\/en\/wp-json\/wp\/v2\/pages\/145\/revisions"}],"wp:featuredmedia":[{"embeddable":true,"href":"https:\/\/theturboengineers.com\/en\/wp-json\/wp\/v2\/media\/1781"}],"wp:attachment":[{"href":"https:\/\/theturboengineers.com\/en\/wp-json\/wp\/v2\/media?parent=145"}],"curies":[{"name":"wp","href":"https:\/\/api.w.org\/{rel}","templated":true}]}}