{"id":5311,"date":"2024-11-22T15:33:38","date_gmt":"2024-11-22T15:33:38","guid":{"rendered":"https:\/\/theturboengineers.com\/?page_id=5311"},"modified":"2024-11-22T15:53:25","modified_gmt":"2024-11-22T15:53:25","slug":"einbauhinweise-turbolader","status":"publish","type":"page","link":"https:\/\/theturboengineers.com\/de_de\/einbauhinweise-turbolader\/","title":{"rendered":"Einbauhinweise Turbolader"},"content":{"rendered":"\t\t<div data-elementor-type=\"wp-page\" data-elementor-id=\"5311\" class=\"elementor elementor-5311\" data-elementor-settings=\"{&quot;ha_cmc_init_switcher&quot;:&quot;no&quot;}\" data-elementor-post-type=\"page\">\n\t\t\t\t\t\t<section class=\"elementor-section elementor-top-section elementor-element elementor-element-2a7a947d elementor-section-boxed elementor-section-height-default elementor-section-height-default\" data-id=\"2a7a947d\" data-element_type=\"section\" data-e-type=\"section\" data-settings=\"{&quot;background_background&quot;:&quot;classic&quot;,&quot;shape_divider_bottom&quot;:&quot;triangle-asymmetrical&quot;}\">\n\t\t\t\t\t<div class=\"elementor-shape elementor-shape-bottom\" aria-hidden=\"true\" data-negative=\"false\">\n\t\t\t<svg xmlns=\"http:\/\/www.w3.org\/2000\/svg\" viewBox=\"0 0 1000 100\" preserveAspectRatio=\"none\">\n\t<path class=\"elementor-shape-fill\" d=\"M738,99l262-93V0H0v5.6L738,99z\"\/>\n<\/svg>\t\t<\/div>\n\t\t\t\t\t<div class=\"elementor-container elementor-column-gap-default\">\n\t\t\t\t\t<div class=\"elementor-column elementor-col-100 elementor-top-column elementor-element elementor-element-5f89ae00\" data-id=\"5f89ae00\" data-element_type=\"column\" data-e-type=\"column\">\n\t\t\t<div class=\"elementor-widget-wrap elementor-element-populated\">\n\t\t\t\t\t\t<section class=\"elementor-section elementor-inner-section elementor-element elementor-element-15d7fb5b elementor-section-height-min-height elementor-section-boxed elementor-section-height-default\" data-id=\"15d7fb5b\" data-element_type=\"section\" data-e-type=\"section\">\n\t\t\t\t\t\t<div class=\"elementor-container elementor-column-gap-default\">\n\t\t\t\t\t<div class=\"elementor-column elementor-col-100 elementor-inner-column elementor-element elementor-element-736b06d\" data-id=\"736b06d\" data-element_type=\"column\" data-e-type=\"column\">\n\t\t\t<div class=\"elementor-widget-wrap\">\n\t\t\t\t\t\t\t<\/div>\n\t\t<\/div>\n\t\t\t\t\t<\/div>\n\t\t<\/section>\n\t\t\t\t\t<\/div>\n\t\t<\/div>\n\t\t\t\t\t<\/div>\n\t\t<\/section>\n\t\t\t\t<section class=\"elementor-section elementor-top-section elementor-element elementor-element-1673c6fe elementor-section-boxed elementor-section-height-default elementor-section-height-default\" data-id=\"1673c6fe\" data-element_type=\"section\" data-e-type=\"section\">\n\t\t\t\t\t\t<div class=\"elementor-container elementor-column-gap-default\">\n\t\t\t\t\t<div class=\"elementor-column elementor-col-100 elementor-top-column elementor-element elementor-element-1435d433\" data-id=\"1435d433\" data-element_type=\"column\" data-e-type=\"column\">\n\t\t\t<div class=\"elementor-widget-wrap elementor-element-populated\">\n\t\t\t\t\t\t<div class=\"elementor-element elementor-element-61580d3f elementor-widget elementor-widget-heading\" data-id=\"61580d3f\" data-element_type=\"widget\" data-e-type=\"widget\" data-widget_type=\"heading.default\">\n\t\t\t\t<div class=\"elementor-widget-container\">\n\t\t\t\t\t<h1 class=\"elementor-heading-title elementor-size-default\">Einbauhinweise f\u00fcr turbolader<\/h1>\t\t\t\t<\/div>\n\t\t\t\t<\/div>\n\t\t\t\t<div class=\"elementor-element elementor-element-52ed665b elementor-widget elementor-widget-text-editor\" data-id=\"52ed665b\" data-element_type=\"widget\" data-e-type=\"widget\" data-widget_type=\"text-editor.default\">\n\t\t\t\t<div class=\"elementor-widget-container\">\n\t\t\t\t\t\t\t\t\t<p style=\"font-weight: 400;\"><strong>Hinweis f\u00fcr Versandsch\u00e4den:<\/strong><\/p><p style=\"font-weight: 400;\"><strong>Trotz h\u00f6chster Sorgfalt bei Verpackung und Versand, <\/strong><\/p><p style=\"font-weight: 400;\"><strong>k\u00f6nnen Versandsch\u00e4den nicht ausgeschlossen werden. <\/strong><\/p><p style=\"font-weight: 400;\"><strong>Bitte melden Sie sich umgehend, sollte ein Versandschaden aufgetreten sein.<\/strong><\/p>\t\t\t\t\t\t\t\t<\/div>\n\t\t\t\t<\/div>\n\t\t\t\t<div class=\"elementor-element elementor-element-afbef26 elementor-widget elementor-widget-text-editor\" data-id=\"afbef26\" data-element_type=\"widget\" data-e-type=\"widget\" data-widget_type=\"text-editor.default\">\n\t\t\t\t<div class=\"elementor-widget-container\">\n\t\t\t\t\t\t\t\t\t<h3>Vor dem Einbau<\/h3><ul><li>Motorumfeld pr\u00fcfen: Ansaug-, Ladeluft- und Abgasbereich auf Sch\u00e4den oder Fremdk\u00f6rper \u00fcberpr\u00fcfen.<\/li><li>Motorentl\u00fcftung, \u00d6lversorgung und \u00d6l-R\u00fccklauf pr\u00fcfen: Dichtheit, Verstopfungen und Verschmutzungen kontrollieren.<\/li><li>Neue \u00d6l-Leitungen verwenden: \u00d6l-Zu- und R\u00fccklaufleitungen sowie Motor\u00f6l und Filter erneuern. Durchg\u00e4ngigkeit zu 100% sicherstellen<\/li><\/ul><p>\u00a0<\/p><h3>\u00d6lversorgung<\/h3><ul><li>Niemals fl\u00fcssige Dichtmaterialien bei \u00d6lleitungen verwenden \u2013 nur passende Dichtungen verwenden.<\/li><\/ul><p>\u00a0<\/p><h3>Luftwege<\/h3><ul><li>Neuen Luftfilter montieren und Ansaugrohr sowie Motorentl\u00fcftung reinigen.<\/li><li>Ladeluftk\u00fchler und Abgaskr\u00fcmmer auf \u00d6l- oder Metallr\u00fcckst\u00e4nde pr\u00fcfen.<\/li><\/ul><p>\u00a0<\/p><h3>Kurbelgeh\u00e4useentl\u00fcftung<\/h3><ul><li>Verstopfungen in der Kurbelgeh\u00e4useentl\u00fcftung k\u00f6nnen \u00d6lundichtigkeiten am Turbolader verursachen.<\/li><li>Im Zweifel bzw. bei vorrangegangenem Schaden die Kurbelgeh\u00e4useentl\u00fcftung erneuern.<\/li><\/ul><p>\u00a0<\/p><h3>Montage<\/h3><ul><li>Flansche und Gewinde auf Sch\u00e4den und Verschlei\u00df pr\u00fcfen.<\/li><li>Vor Montage alle Schutzkappen an \u00d6l-, Luft- und Abgasanschl\u00fcssen entfernen.<\/li><li>Turbolader direkt am Abgaskr\u00fcmmer oder Motor befestigen. Alle Verbindungen flexibel halten, um Belastungen zu vermeiden.<\/li><li>Nur hochtemperaturbest\u00e4ndige Montagepaste f\u00fcr turbinenseitige Gewinde verwenden.<\/li><li>Alle Schrauben nach Herstellernorm festziehen<\/li><\/ul><p>\u00a0<\/p><h3>Inbetriebnahme<\/h3><ul><li>Wenn m\u00f6glich Motor ohne Z\u00fcndung drehen lassen, um \u00d6ldruck aufzubauen.<\/li><li>Speziell f\u00fcr Porsche: Steller m\u00fcssen mit dem Porsche Tester neu angelernt werden, die Werte sind in der Motorsteuerung hinterlegt, deswegen sind bei TTE Porsche Upgrades die Steller nicht montiert!<\/li><li>Speziell f\u00fcr Bi-Turbos: darauf achten, dass Steller synchronisiert sind. Falls nicht, m\u00fcssen die Lader zum Synchronisieren zur\u00fcckgeschickt werden.<\/li><li>Alle \u00d6l-, Luft- und Gasanschl\u00fcsse auf Dichtheit pr\u00fcfen.<\/li><\/ul><p>\u00a0<\/p><h3>Nach Einbau<\/h3><ul><li><strong>Hitzeisolation:<\/strong> Die Hitzeisolation kann bei der Inbetriebnahme stark qualmen. Die Qualmentwicklung sollte nach der ersten echten Testfahrt (nicht auf dem Pr\u00fcfstand) verschwunden sein.<\/li><li>Bei Problemen wie Leistungsmangel oder \u00d6lverlust alle zum Turbolader geh\u00f6renden Komponenten (z. B. Katalysator, Ru\u00dfpartikelfilter) auf Dichtheit und Funktionsf\u00e4higkeit pr\u00fcfen.<\/li><\/ul>\t\t\t\t\t\t\t\t<\/div>\n\t\t\t\t<\/div>\n\t\t\t\t\t<\/div>\n\t\t<\/div>\n\t\t\t\t\t<\/div>\n\t\t<\/section>\n\t\t\t\t<section class=\"elementor-section elementor-top-section elementor-element elementor-element-2786080c elementor-section-height-min-height elementor-section-boxed elementor-section-height-default elementor-section-items-middle\" data-id=\"2786080c\" data-element_type=\"section\" data-e-type=\"section\" data-settings=\"{&quot;background_background&quot;:&quot;classic&quot;,&quot;background_motion_fx_motion_fx_scrolling&quot;:&quot;yes&quot;,&quot;background_motion_fx_translateY_effect&quot;:&quot;yes&quot;,&quot;background_motion_fx_translateY_speed&quot;:{&quot;unit&quot;:&quot;px&quot;,&quot;size&quot;:8.1,&quot;sizes&quot;:[]},&quot;shape_divider_top&quot;:&quot;triangle-asymmetrical&quot;,&quot;background_motion_fx_translateY_affectedRange&quot;:{&quot;unit&quot;:&quot;%&quot;,&quot;size&quot;:&quot;&quot;,&quot;sizes&quot;:{&quot;start&quot;:0,&quot;end&quot;:100}},&quot;background_motion_fx_devices&quot;:[&quot;widescreen&quot;,&quot;desktop&quot;,&quot;tablet&quot;,&quot;mobile&quot;]}\">\n\t\t\t\t\t\t\t<div class=\"elementor-background-overlay\"><\/div>\n\t\t\t\t\t\t<div class=\"elementor-shape elementor-shape-top\" aria-hidden=\"true\" data-negative=\"false\">\n\t\t\t<svg xmlns=\"http:\/\/www.w3.org\/2000\/svg\" viewBox=\"0 0 1000 100\" preserveAspectRatio=\"none\">\n\t<path class=\"elementor-shape-fill\" d=\"M738,99l262-93V0H0v5.6L738,99z\"\/>\n<\/svg>\t\t<\/div>\n\t\t\t\t\t<div class=\"elementor-container elementor-column-gap-default\">\n\t\t\t\t\t<div class=\"elementor-column elementor-col-100 elementor-top-column elementor-element elementor-element-45a596c9\" data-id=\"45a596c9\" data-element_type=\"column\" data-e-type=\"column\">\n\t\t\t<div class=\"elementor-widget-wrap elementor-element-populated\">\n\t\t\t\t\t\t<section class=\"elementor-section elementor-inner-section elementor-element elementor-element-47c865e1 elementor-section-boxed elementor-section-height-default elementor-section-height-default\" data-id=\"47c865e1\" data-element_type=\"section\" data-e-type=\"section\">\n\t\t\t\t\t\t<div class=\"elementor-container elementor-column-gap-default\">\n\t\t\t\t\t<div class=\"elementor-column elementor-col-100 elementor-inner-column elementor-element elementor-element-55c89b01\" data-id=\"55c89b01\" data-element_type=\"column\" data-e-type=\"column\">\n\t\t\t<div class=\"elementor-widget-wrap\">\n\t\t\t\t\t\t\t<\/div>\n\t\t<\/div>\n\t\t\t\t\t<\/div>\n\t\t<\/section>\n\t\t\t\t\t<\/div>\n\t\t<\/div>\n\t\t\t\t\t<\/div>\n\t\t<\/section>\n\t\t\t\t<\/div>\n\t\t","protected":false},"excerpt":{"rendered":"<p>Einbauhinweise f\u00fcr turbolader Hinweis f\u00fcr Versandsch\u00e4den: Trotz h\u00f6chster Sorgfalt bei Verpackung und Versand, k\u00f6nnen Versandsch\u00e4den nicht ausgeschlossen werden. Bitte melden Sie sich umgehend, sollte ein Versandschaden aufgetreten sein. Vor dem Einbau Motorumfeld pr\u00fcfen: Ansaug-, Ladeluft- und Abgasbereich auf Sch\u00e4den oder Fremdk\u00f6rper \u00fcberpr\u00fcfen. Motorentl\u00fcftung, \u00d6lversorgung und \u00d6l-R\u00fccklauf pr\u00fcfen: Dichtheit, Verstopfungen und Verschmutzungen kontrollieren. Neue \u00d6l-Leitungen verwenden: [&hellip;]<\/p>\n","protected":false},"author":1,"featured_media":0,"parent":0,"menu_order":0,"comment_status":"closed","ping_status":"closed","template":"elementor_header_footer","meta":{"footnotes":""},"class_list":["post-5311","page","type-page","status-publish","hentry"],"yoast_head":"<!-- This site is optimized with the Yoast SEO plugin v27.4 - https:\/\/yoast.com\/product\/yoast-seo-wordpress\/ -->\n<title>Einbauhinweise Turbolader | TheTurboEngineers GmbH<\/title>\n<meta name=\"robots\" content=\"index, follow, max-snippet:-1, max-image-preview:large, max-video-preview:-1\" \/>\n<link rel=\"canonical\" href=\"https:\/\/theturboengineers.com\/de_de\/einbauhinweise-turbolader\/\" \/>\n<meta property=\"og:locale\" content=\"de_DE\" \/>\n<meta property=\"og:type\" content=\"article\" \/>\n<meta property=\"og:title\" content=\"Einbauhinweise Turbolader | TheTurboEngineers GmbH\" \/>\n<meta property=\"og:description\" content=\"Einbauhinweise f\u00fcr turbolader Hinweis f\u00fcr Versandsch\u00e4den: Trotz h\u00f6chster Sorgfalt bei Verpackung und Versand, k\u00f6nnen Versandsch\u00e4den nicht ausgeschlossen werden. Bitte melden Sie sich umgehend, sollte ein Versandschaden aufgetreten sein. Vor dem Einbau Motorumfeld pr\u00fcfen: Ansaug-, Ladeluft- und Abgasbereich auf Sch\u00e4den oder Fremdk\u00f6rper \u00fcberpr\u00fcfen. Motorentl\u00fcftung, \u00d6lversorgung und \u00d6l-R\u00fccklauf pr\u00fcfen: Dichtheit, Verstopfungen und Verschmutzungen kontrollieren. Neue \u00d6l-Leitungen verwenden: [&hellip;]\" \/>\n<meta property=\"og:url\" content=\"https:\/\/theturboengineers.com\/de_de\/einbauhinweise-turbolader\/\" \/>\n<meta property=\"og:site_name\" content=\"TheTurboEngineers GmbH\" \/>\n<meta property=\"article:publisher\" content=\"https:\/\/www.facebook.com\/TheTurboEngineers\" \/>\n<meta property=\"article:modified_time\" content=\"2024-11-22T15:53:25+00:00\" \/>\n<meta property=\"og:image\" content=\"https:\/\/theturboengineers.com\/wp-content\/uploads\/2022\/07\/Passion_6.jpg\" \/>\n\t<meta property=\"og:image:width\" content=\"1000\" \/>\n\t<meta property=\"og:image:height\" content=\"667\" \/>\n\t<meta property=\"og:image:type\" content=\"image\/jpeg\" \/>\n<meta name=\"twitter:card\" content=\"summary_large_image\" \/>\n<meta name=\"twitter:label1\" content=\"Gesch\u00e4tzte Lesezeit\" \/>\n\t<meta name=\"twitter:data1\" content=\"2\u00a0Minuten\" \/>\n<script type=\"application\/ld+json\" class=\"yoast-schema-graph\">{\"@context\":\"https:\\\/\\\/schema.org\",\"@graph\":[{\"@type\":\"WebPage\",\"@id\":\"https:\\\/\\\/theturboengineers.com\\\/einbauhinweise-turbolader\\\/\",\"url\":\"https:\\\/\\\/theturboengineers.com\\\/einbauhinweise-turbolader\\\/\",\"name\":\"Einbauhinweise Turbolader | TheTurboEngineers GmbH\",\"isPartOf\":{\"@id\":\"https:\\\/\\\/theturboengineers.com\\\/#website\"},\"datePublished\":\"2024-11-22T15:33:38+00:00\",\"dateModified\":\"2024-11-22T15:53:25+00:00\",\"breadcrumb\":{\"@id\":\"https:\\\/\\\/theturboengineers.com\\\/einbauhinweise-turbolader\\\/#breadcrumb\"},\"inLanguage\":\"de\",\"potentialAction\":[{\"@type\":\"ReadAction\",\"target\":[\"https:\\\/\\\/theturboengineers.com\\\/einbauhinweise-turbolader\\\/\"]}]},{\"@type\":\"BreadcrumbList\",\"@id\":\"https:\\\/\\\/theturboengineers.com\\\/einbauhinweise-turbolader\\\/#breadcrumb\",\"itemListElement\":[{\"@type\":\"ListItem\",\"position\":1,\"name\":\"Startseite\",\"item\":\"https:\\\/\\\/theturboengineers.com\\\/\"},{\"@type\":\"ListItem\",\"position\":2,\"name\":\"Einbauhinweise Turbolader\"}]},{\"@type\":\"WebSite\",\"@id\":\"https:\\\/\\\/theturboengineers.com\\\/#website\",\"url\":\"https:\\\/\\\/theturboengineers.com\\\/\",\"name\":\"TheTurboEngineers GmbH\",\"description\":\"ENGINEERING HAS MADE US\",\"publisher\":{\"@id\":\"https:\\\/\\\/theturboengineers.com\\\/#organization\"},\"alternateName\":\"TTE GmbH\",\"potentialAction\":[{\"@type\":\"SearchAction\",\"target\":{\"@type\":\"EntryPoint\",\"urlTemplate\":\"https:\\\/\\\/theturboengineers.com\\\/?s={search_term_string}\"},\"query-input\":{\"@type\":\"PropertyValueSpecification\",\"valueRequired\":true,\"valueName\":\"search_term_string\"}}],\"inLanguage\":\"de\"},{\"@type\":\"Organization\",\"@id\":\"https:\\\/\\\/theturboengineers.com\\\/#organization\",\"name\":\"The Turbo Engineers GmbH\",\"alternateName\":\"TTE GmbH\",\"url\":\"https:\\\/\\\/theturboengineers.com\\\/\",\"logo\":{\"@type\":\"ImageObject\",\"inLanguage\":\"de\",\"@id\":\"https:\\\/\\\/theturboengineers.com\\\/#\\\/schema\\\/logo\\\/image\\\/\",\"url\":\"https:\\\/\\\/theturboengineers.com\\\/wp-content\\\/uploads\\\/2022\\\/04\\\/TTE_Logo_ohne-web.jpg\",\"contentUrl\":\"https:\\\/\\\/theturboengineers.com\\\/wp-content\\\/uploads\\\/2022\\\/04\\\/TTE_Logo_ohne-web.jpg\",\"width\":1107,\"height\":186,\"caption\":\"The Turbo Engineers GmbH\"},\"image\":{\"@id\":\"https:\\\/\\\/theturboengineers.com\\\/#\\\/schema\\\/logo\\\/image\\\/\"},\"sameAs\":[\"https:\\\/\\\/www.facebook.com\\\/TheTurboEngineers\",\"https:\\\/\\\/www.instagram.com\\\/theturboengineers\"]}]}<\/script>\n<!-- \/ Yoast SEO plugin. -->","yoast_head_json":{"title":"Einbauhinweise Turbolader | TheTurboEngineers GmbH","robots":{"index":"index","follow":"follow","max-snippet":"max-snippet:-1","max-image-preview":"max-image-preview:large","max-video-preview":"max-video-preview:-1"},"canonical":"https:\/\/theturboengineers.com\/de_de\/einbauhinweise-turbolader\/","og_locale":"de_DE","og_type":"article","og_title":"Einbauhinweise Turbolader | TheTurboEngineers GmbH","og_description":"Einbauhinweise f\u00fcr turbolader Hinweis f\u00fcr Versandsch\u00e4den: Trotz h\u00f6chster Sorgfalt bei Verpackung und Versand, k\u00f6nnen Versandsch\u00e4den nicht ausgeschlossen werden. Bitte melden Sie sich umgehend, sollte ein Versandschaden aufgetreten sein. Vor dem Einbau Motorumfeld pr\u00fcfen: Ansaug-, Ladeluft- und Abgasbereich auf Sch\u00e4den oder Fremdk\u00f6rper \u00fcberpr\u00fcfen. Motorentl\u00fcftung, \u00d6lversorgung und \u00d6l-R\u00fccklauf pr\u00fcfen: Dichtheit, Verstopfungen und Verschmutzungen kontrollieren. Neue \u00d6l-Leitungen verwenden: [&hellip;]","og_url":"https:\/\/theturboengineers.com\/de_de\/einbauhinweise-turbolader\/","og_site_name":"TheTurboEngineers GmbH","article_publisher":"https:\/\/www.facebook.com\/TheTurboEngineers","article_modified_time":"2024-11-22T15:53:25+00:00","og_image":[{"width":1000,"height":667,"url":"https:\/\/theturboengineers.com\/wp-content\/uploads\/2022\/07\/Passion_6.jpg","type":"image\/jpeg"}],"twitter_card":"summary_large_image","twitter_misc":{"Gesch\u00e4tzte Lesezeit":"2\u00a0Minuten"},"schema":{"@context":"https:\/\/schema.org","@graph":[{"@type":"WebPage","@id":"https:\/\/theturboengineers.com\/einbauhinweise-turbolader\/","url":"https:\/\/theturboengineers.com\/einbauhinweise-turbolader\/","name":"Einbauhinweise Turbolader | TheTurboEngineers GmbH","isPartOf":{"@id":"https:\/\/theturboengineers.com\/#website"},"datePublished":"2024-11-22T15:33:38+00:00","dateModified":"2024-11-22T15:53:25+00:00","breadcrumb":{"@id":"https:\/\/theturboengineers.com\/einbauhinweise-turbolader\/#breadcrumb"},"inLanguage":"de","potentialAction":[{"@type":"ReadAction","target":["https:\/\/theturboengineers.com\/einbauhinweise-turbolader\/"]}]},{"@type":"BreadcrumbList","@id":"https:\/\/theturboengineers.com\/einbauhinweise-turbolader\/#breadcrumb","itemListElement":[{"@type":"ListItem","position":1,"name":"Startseite","item":"https:\/\/theturboengineers.com\/"},{"@type":"ListItem","position":2,"name":"Einbauhinweise Turbolader"}]},{"@type":"WebSite","@id":"https:\/\/theturboengineers.com\/#website","url":"https:\/\/theturboengineers.com\/","name":"TheTurboEngineers GmbH","description":"ENGINEERING HAS MADE US","publisher":{"@id":"https:\/\/theturboengineers.com\/#organization"},"alternateName":"TTE GmbH","potentialAction":[{"@type":"SearchAction","target":{"@type":"EntryPoint","urlTemplate":"https:\/\/theturboengineers.com\/?s={search_term_string}"},"query-input":{"@type":"PropertyValueSpecification","valueRequired":true,"valueName":"search_term_string"}}],"inLanguage":"de"},{"@type":"Organization","@id":"https:\/\/theturboengineers.com\/#organization","name":"The Turbo Engineers GmbH","alternateName":"TTE GmbH","url":"https:\/\/theturboengineers.com\/","logo":{"@type":"ImageObject","inLanguage":"de","@id":"https:\/\/theturboengineers.com\/#\/schema\/logo\/image\/","url":"https:\/\/theturboengineers.com\/wp-content\/uploads\/2022\/04\/TTE_Logo_ohne-web.jpg","contentUrl":"https:\/\/theturboengineers.com\/wp-content\/uploads\/2022\/04\/TTE_Logo_ohne-web.jpg","width":1107,"height":186,"caption":"The Turbo Engineers GmbH"},"image":{"@id":"https:\/\/theturboengineers.com\/#\/schema\/logo\/image\/"},"sameAs":["https:\/\/www.facebook.com\/TheTurboEngineers","https:\/\/www.instagram.com\/theturboengineers"]}]}},"_links":{"self":[{"href":"https:\/\/theturboengineers.com\/de_de\/wp-json\/wp\/v2\/pages\/5311","targetHints":{"allow":["GET"]}}],"collection":[{"href":"https:\/\/theturboengineers.com\/de_de\/wp-json\/wp\/v2\/pages"}],"about":[{"href":"https:\/\/theturboengineers.com\/de_de\/wp-json\/wp\/v2\/types\/page"}],"author":[{"embeddable":true,"href":"https:\/\/theturboengineers.com\/de_de\/wp-json\/wp\/v2\/users\/1"}],"replies":[{"embeddable":true,"href":"https:\/\/theturboengineers.com\/de_de\/wp-json\/wp\/v2\/comments?post=5311"}],"version-history":[{"count":0,"href":"https:\/\/theturboengineers.com\/de_de\/wp-json\/wp\/v2\/pages\/5311\/revisions"}],"wp:attachment":[{"href":"https:\/\/theturboengineers.com\/de_de\/wp-json\/wp\/v2\/media?parent=5311"}],"curies":[{"name":"wp","href":"https:\/\/api.w.org\/{rel}","templated":true}]}}