{"id":3483,"date":"2023-02-01T08:52:36","date_gmt":"2023-02-01T08:52:36","guid":{"rendered":"https:\/\/theturboengineers.com\/?page_id=3483"},"modified":"2024-12-04T10:12:57","modified_gmt":"2024-12-04T10:12:57","slug":"sorglos-garantie","status":"publish","type":"page","link":"https:\/\/theturboengineers.com\/de_de\/sorglos-garantie\/","title":{"rendered":"Garantie"},"content":{"rendered":"\t\t<div data-elementor-type=\"wp-page\" data-elementor-id=\"3483\" class=\"elementor elementor-3483\" data-elementor-settings=\"{&quot;ha_cmc_init_switcher&quot;:&quot;no&quot;}\" data-elementor-post-type=\"page\">\n\t\t\t\t\t\t<section class=\"elementor-section elementor-top-section elementor-element elementor-element-4c24204b elementor-section-boxed elementor-section-height-default elementor-section-height-default\" data-id=\"4c24204b\" data-element_type=\"section\" data-e-type=\"section\" data-settings=\"{&quot;background_background&quot;:&quot;classic&quot;,&quot;shape_divider_bottom&quot;:&quot;triangle-asymmetrical&quot;}\">\n\t\t\t\t\t<div class=\"elementor-shape elementor-shape-bottom\" aria-hidden=\"true\" data-negative=\"false\">\n\t\t\t<svg xmlns=\"http:\/\/www.w3.org\/2000\/svg\" viewBox=\"0 0 1000 100\" preserveAspectRatio=\"none\">\n\t<path class=\"elementor-shape-fill\" d=\"M738,99l262-93V0H0v5.6L738,99z\"\/>\n<\/svg>\t\t<\/div>\n\t\t\t\t\t<div class=\"elementor-container elementor-column-gap-default\">\n\t\t\t\t\t<div class=\"elementor-column elementor-col-100 elementor-top-column elementor-element elementor-element-460daf61\" data-id=\"460daf61\" data-element_type=\"column\" data-e-type=\"column\">\n\t\t\t<div class=\"elementor-widget-wrap elementor-element-populated\">\n\t\t\t\t\t\t<section class=\"elementor-section elementor-inner-section elementor-element elementor-element-6121e685 elementor-section-height-min-height elementor-section-boxed elementor-section-height-default\" data-id=\"6121e685\" data-element_type=\"section\" data-e-type=\"section\">\n\t\t\t\t\t\t<div class=\"elementor-container elementor-column-gap-default\">\n\t\t\t\t\t<div class=\"elementor-column elementor-col-100 elementor-inner-column elementor-element elementor-element-761d1181\" data-id=\"761d1181\" data-element_type=\"column\" data-e-type=\"column\">\n\t\t\t<div class=\"elementor-widget-wrap\">\n\t\t\t\t\t\t\t<\/div>\n\t\t<\/div>\n\t\t\t\t\t<\/div>\n\t\t<\/section>\n\t\t\t\t\t<\/div>\n\t\t<\/div>\n\t\t\t\t\t<\/div>\n\t\t<\/section>\n\t\t\t\t<section class=\"elementor-section elementor-top-section elementor-element elementor-element-469d8ab0 elementor-section-boxed elementor-section-height-default elementor-section-height-default\" data-id=\"469d8ab0\" data-element_type=\"section\" data-e-type=\"section\">\n\t\t\t\t\t\t<div class=\"elementor-container elementor-column-gap-default\">\n\t\t\t\t\t<div class=\"elementor-column elementor-col-50 elementor-top-column elementor-element elementor-element-31b3aeea\" data-id=\"31b3aeea\" data-element_type=\"column\" data-e-type=\"column\">\n\t\t\t<div class=\"elementor-widget-wrap elementor-element-populated\">\n\t\t\t\t\t\t<div class=\"elementor-element elementor-element-9c7d640 elementor-widget elementor-widget-heading\" data-id=\"9c7d640\" data-element_type=\"widget\" data-e-type=\"widget\" data-widget_type=\"heading.default\">\n\t\t\t\t<div class=\"elementor-widget-container\">\n\t\t\t\t\t<h1 class=\"elementor-heading-title elementor-size-default\">TTE sorglos garantie<\/h1>\t\t\t\t<\/div>\n\t\t\t\t<\/div>\n\t\t\t\t<div class=\"elementor-element elementor-element-4b0ef571 elementor-widget elementor-widget-text-editor\" data-id=\"4b0ef571\" data-element_type=\"widget\" data-e-type=\"widget\" data-widget_type=\"text-editor.default\">\n\t\t\t\t<div class=\"elementor-widget-container\">\n\t\t\t\t\t\t\t\t\t<p>Wir glauben, dass Sie mit Ihrem TTE-Produkt zufrieden sein werden. Manchmal kann es aber aufgrund der der anspruchsvollen kundenspezifischen Umgebung sein, dass es ein Problem mit dem eingesetzten Upgrade-Turbolader gibt und Sie den Lader zur\u00fcckschicken m\u00f6chten.<\/p><p>Damit Sie sich keine Sorgen machen m\u00fcssen, bieten THE TURBO ENGINEERS dem Erstk\u00e4ufer eine TTE SORGLOS GARANTIE f\u00fcr 1 Jahr. Sollte(n) Ihr(e) Turbolader aus irgendeinem Grund ausfallen oder ein Problem haben, k\u00f6nnen Sie ihn\/diese zu uns zur\u00fcckschicken. Im Anschluss \u00fcberholen wir die gesandten Lader. Je nach Problem und Verf\u00fcgbarkeit bekommen Sie einen Ersatz oder ihre\/n \u00fcberholten zur\u00fcck.<\/p>\t\t\t\t\t\t\t\t<\/div>\n\t\t\t\t<\/div>\n\t\t\t\t<div class=\"elementor-element elementor-element-152d334 elementor-widget elementor-widget-text-editor\" data-id=\"152d334\" data-element_type=\"widget\" data-e-type=\"widget\" data-widget_type=\"text-editor.default\">\n\t\t\t\t<div class=\"elementor-widget-container\">\n\t\t\t\t\t\t\t\t\t<p><strong>Sie k\u00f6nnen sich darauf verlassen, dass TTE Sie in jedem Fall unterst\u00fctzt!<\/strong><\/p>\t\t\t\t\t\t\t\t<\/div>\n\t\t\t\t<\/div>\n\t\t\t\t<div class=\"elementor-element elementor-element-b3f924d elementor-widget elementor-widget-button\" data-id=\"b3f924d\" data-element_type=\"widget\" data-e-type=\"widget\" data-widget_type=\"button.default\">\n\t\t\t\t<div class=\"elementor-widget-container\">\n\t\t\t\t\t\t\t\t\t<div class=\"elementor-button-wrapper\">\n\t\t\t\t\t<a class=\"elementor-button elementor-button-link elementor-size-sm\" href=\"https:\/\/theturboengineers.com\/garantiefall\/\">\n\t\t\t\t\t\t<span class=\"elementor-button-content-wrapper\">\n\t\t\t\t\t\t\t\t\t<span class=\"elementor-button-text\">Garantieformular<\/span>\n\t\t\t\t\t<\/span>\n\t\t\t\t\t<\/a>\n\t\t\t\t<\/div>\n\t\t\t\t\t\t\t\t<\/div>\n\t\t\t\t<\/div>\n\t\t\t\t<div class=\"elementor-element elementor-element-b1f2d03 elementor-widget elementor-widget-text-editor\" data-id=\"b1f2d03\" data-element_type=\"widget\" data-e-type=\"widget\" data-widget_type=\"text-editor.default\">\n\t\t\t\t<div class=\"elementor-widget-container\">\n\t\t\t\t\t\t\t\t\t<p><strong>Bedingungen und Konditionen:<\/strong><\/p><p>Alle Turbolader, die bei The Turbo Engineers oder TTEGLOBAL.com gekauft werden, erhalten eine 1-Jahres-Garantie ab dem urspr\u00fcnglichen Kaufdatum. Sollte Ihr(e) Turbolader aus irgendeinem Grund ausfallen oder ein Problem haben, k\u00f6nnen Sie ihn an TheTurboEngineers zur\u00fcckschicken, um ihn kostenlos zu \u00fcberholen und zu reparieren oder zu ersetzen, je nach Verf\u00fcgbarkeit oder Problem des Turboladers\/der Turbolader. Den Anspruch auf die TTE SORGLOS GARANTIE hat ausschlie\u00dflich der urspr\u00fcngliche K\u00e4ufer. Weiterhin darf der Turbolader nicht modifiziert oder ge\u00f6ffnet\/zerlegt worden sein.<\/p><p>Die Kosten f\u00fcr den Versand des\/der Turbolader\/s zur\u00fcck zu TheTurboEngineers werden nicht \u00fcbernommen und liegen in der Verantwortung des Kunden. Alle Details zur R\u00fccksendung werden dem Kunden zugesandt, sobald eine R\u00fccksendung er\u00f6ffnet und eine R\u00fccksendenummer generiert wurde. TheTurboEngineers \u00fcbernimmt die Kosten f\u00fcr den R\u00fcckversand des\/der \u00fcberholten Turbolader\/s an den Kunden.<\/p><p>Turbolader, die ohne eine g\u00fcltige R\u00fccksendenummer an TheTurboEngineers geschickt werden, werden nicht gewartet und fallen m\u00f6glicherweise nicht unter die Garantie.<\/p><p>Jegliche Servicearbeiten oder Kosten f\u00fcr den Ausbau des\/der defekten Turbolader(s) werden nicht \u00fcbernommen und gehen zu Lasten des Kunden.<\/p>\t\t\t\t\t\t\t\t<\/div>\n\t\t\t\t<\/div>\n\t\t\t\t\t<\/div>\n\t\t<\/div>\n\t\t\t\t<div class=\"elementor-column elementor-col-50 elementor-top-column elementor-element elementor-element-85b894f\" data-id=\"85b894f\" data-element_type=\"column\" data-e-type=\"column\">\n\t\t\t<div class=\"elementor-widget-wrap elementor-element-populated\">\n\t\t\t\t\t\t<div class=\"elementor-element elementor-element-ff2a32f elementor-widget elementor-widget-image\" data-id=\"ff2a32f\" data-element_type=\"widget\" data-e-type=\"widget\" data-widget_type=\"image.default\">\n\t\t\t\t<div class=\"elementor-widget-container\">\n\t\t\t\t\t\t\t\t\t\t\t\t\t\t\t<img fetchpriority=\"high\" decoding=\"async\" width=\"800\" height=\"366\" src=\"https:\/\/theturboengineers.com\/wp-content\/uploads\/2023\/02\/Garantie_DE_PNG-1024x468.png\" class=\"attachment-large size-large wp-image-3480\" alt=\"TTE The Turbo Engineers 1 Jahr sorglos Garantie auf Turbolader\" srcset=\"https:\/\/theturboengineers.com\/wp-content\/uploads\/2023\/02\/Garantie_DE_PNG-1024x468.png 1024w, https:\/\/theturboengineers.com\/wp-content\/uploads\/2023\/02\/Garantie_DE_PNG-300x137.png 300w, https:\/\/theturboengineers.com\/wp-content\/uploads\/2023\/02\/Garantie_DE_PNG-768x351.png 768w, https:\/\/theturboengineers.com\/wp-content\/uploads\/2023\/02\/Garantie_DE_PNG-1536x702.png 1536w, https:\/\/theturboengineers.com\/wp-content\/uploads\/2023\/02\/Garantie_DE_PNG-18x8.png 18w, https:\/\/theturboengineers.com\/wp-content\/uploads\/2023\/02\/Garantie_DE_PNG.png 1920w\" sizes=\"(max-width: 800px) 100vw, 800px\" \/>\t\t\t\t\t\t\t\t\t\t\t\t\t\t\t<\/div>\n\t\t\t\t<\/div>\n\t\t\t\t\t<\/div>\n\t\t<\/div>\n\t\t\t\t\t<\/div>\n\t\t<\/section>\n\t\t\t\t<section class=\"elementor-section elementor-top-section elementor-element elementor-element-3f3883de elementor-section-height-min-height elementor-section-boxed elementor-section-height-default elementor-section-items-middle\" data-id=\"3f3883de\" data-element_type=\"section\" data-e-type=\"section\" data-settings=\"{&quot;background_background&quot;:&quot;classic&quot;,&quot;background_motion_fx_motion_fx_scrolling&quot;:&quot;yes&quot;,&quot;background_motion_fx_translateY_effect&quot;:&quot;yes&quot;,&quot;background_motion_fx_translateY_speed&quot;:{&quot;unit&quot;:&quot;px&quot;,&quot;size&quot;:8.1,&quot;sizes&quot;:[]},&quot;shape_divider_top&quot;:&quot;triangle-asymmetrical&quot;,&quot;background_motion_fx_translateY_affectedRange&quot;:{&quot;unit&quot;:&quot;%&quot;,&quot;size&quot;:&quot;&quot;,&quot;sizes&quot;:{&quot;start&quot;:0,&quot;end&quot;:100}},&quot;background_motion_fx_devices&quot;:[&quot;widescreen&quot;,&quot;desktop&quot;,&quot;tablet&quot;,&quot;mobile&quot;]}\">\n\t\t\t\t\t\t\t<div class=\"elementor-background-overlay\"><\/div>\n\t\t\t\t\t\t<div class=\"elementor-shape elementor-shape-top\" aria-hidden=\"true\" data-negative=\"false\">\n\t\t\t<svg xmlns=\"http:\/\/www.w3.org\/2000\/svg\" viewBox=\"0 0 1000 100\" preserveAspectRatio=\"none\">\n\t<path class=\"elementor-shape-fill\" d=\"M738,99l262-93V0H0v5.6L738,99z\"\/>\n<\/svg>\t\t<\/div>\n\t\t\t\t\t<div class=\"elementor-container elementor-column-gap-default\">\n\t\t\t\t\t<div class=\"elementor-column elementor-col-100 elementor-top-column elementor-element elementor-element-3edf5f3\" data-id=\"3edf5f3\" data-element_type=\"column\" data-e-type=\"column\">\n\t\t\t<div class=\"elementor-widget-wrap elementor-element-populated\">\n\t\t\t\t\t\t<section class=\"elementor-section elementor-inner-section elementor-element elementor-element-4c72ee67 elementor-section-boxed elementor-section-height-default elementor-section-height-default\" data-id=\"4c72ee67\" data-element_type=\"section\" data-e-type=\"section\">\n\t\t\t\t\t\t<div class=\"elementor-container elementor-column-gap-default\">\n\t\t\t\t\t<div class=\"elementor-column elementor-col-100 elementor-inner-column elementor-element elementor-element-1745c78f\" data-id=\"1745c78f\" data-element_type=\"column\" data-e-type=\"column\">\n\t\t\t<div class=\"elementor-widget-wrap\">\n\t\t\t\t\t\t\t<\/div>\n\t\t<\/div>\n\t\t\t\t\t<\/div>\n\t\t<\/section>\n\t\t\t\t\t<\/div>\n\t\t<\/div>\n\t\t\t\t\t<\/div>\n\t\t<\/section>\n\t\t\t\t<\/div>\n\t\t","protected":false},"excerpt":{"rendered":"<p>TTE sorglos garantie Wir glauben, dass Sie mit Ihrem TTE-Produkt zufrieden sein werden. Manchmal kann es aber aufgrund der der anspruchsvollen kundenspezifischen Umgebung sein, dass es ein Problem mit dem eingesetzten Upgrade-Turbolader gibt und Sie den Lader zur\u00fcckschicken m\u00f6chten. Damit Sie sich keine Sorgen machen m\u00fcssen, bieten THE TURBO ENGINEERS dem Erstk\u00e4ufer eine TTE SORGLOS [&hellip;]<\/p>\n","protected":false},"author":1,"featured_media":3477,"parent":0,"menu_order":0,"comment_status":"closed","ping_status":"closed","template":"elementor_header_footer","meta":{"footnotes":""},"class_list":["post-3483","page","type-page","status-publish","has-post-thumbnail","hentry"],"yoast_head":"<!-- This site is optimized with the Yoast SEO plugin v27.3 - https:\/\/yoast.com\/product\/yoast-seo-wordpress\/ -->\n<title>TTE Sorglos Garantie | TheTurboEngineers GmbH<\/title>\n<meta name=\"description\" content=\"Wir glauben, dass Sie mit unseren Turboladern zufrieden sind. Damit Sie sorgenfrei sein k\u00f6nnen, bieten wir dem Erstk\u00e4ufer eine sorglos Garantie f\u00fcr 1 Jahr.\" \/>\n<meta name=\"robots\" content=\"index, follow, max-snippet:-1, max-image-preview:large, max-video-preview:-1\" \/>\n<link rel=\"canonical\" href=\"https:\/\/theturboengineers.com\/de_de\/sorglos-garantie\/\" \/>\n<meta property=\"og:locale\" content=\"de_DE\" \/>\n<meta property=\"og:type\" content=\"article\" \/>\n<meta property=\"og:title\" content=\"TheTurboEngineers GmbH sorglos Garantie\" \/>\n<meta property=\"og:description\" content=\"Wir glauben, dass Sie mit unseren Turboladern zufrieden sind. Damit Sie sorgenfrei sein k\u00f6nnen, bieten wir dem Erstk\u00e4ufer eine sorglos Garantie f\u00fcr 1 Jahr.\" \/>\n<meta property=\"og:url\" content=\"https:\/\/theturboengineers.com\/de_de\/sorglos-garantie\/\" \/>\n<meta property=\"og:site_name\" content=\"TheTurboEngineers GmbH\" \/>\n<meta property=\"article:publisher\" content=\"https:\/\/www.facebook.com\/TheTurboEngineers\" \/>\n<meta property=\"article:modified_time\" content=\"2024-12-04T10:12:57+00:00\" \/>\n<meta property=\"og:image\" content=\"https:\/\/theturboengineers.com\/wp-content\/uploads\/2023\/02\/Garantie_DE.jpg\" \/>\n\t<meta property=\"og:image:width\" content=\"1000\" \/>\n\t<meta property=\"og:image:height\" content=\"457\" \/>\n\t<meta property=\"og:image:type\" content=\"image\/jpeg\" \/>\n<meta name=\"twitter:card\" content=\"summary_large_image\" \/>\n<meta name=\"twitter:title\" content=\"TheTurboEngineers GmbH sorglos Garantie\" \/>\n<meta name=\"twitter:description\" content=\"Wir glauben, dass Sie mit unseren Turboladern zufrieden sind. Damit Sie sorgenfrei sein k\u00f6nnen, bieten wir dem Erstk\u00e4ufer eine sorglos Garantie f\u00fcr 1 Jahr.\" \/>\n<meta name=\"twitter:image\" content=\"https:\/\/theturboengineers.com\/wp-content\/uploads\/2023\/02\/Garantie_DE.jpg\" \/>\n<meta name=\"twitter:label1\" content=\"Gesch\u00e4tzte Lesezeit\" \/>\n\t<meta name=\"twitter:data1\" content=\"2\u00a0Minuten\" \/>\n<script type=\"application\/ld+json\" class=\"yoast-schema-graph\">{\"@context\":\"https:\\\/\\\/schema.org\",\"@graph\":[{\"@type\":\"WebPage\",\"@id\":\"https:\\\/\\\/theturboengineers.com\\\/sorglos-garantie\\\/\",\"url\":\"https:\\\/\\\/theturboengineers.com\\\/sorglos-garantie\\\/\",\"name\":\"TTE Sorglos Garantie | TheTurboEngineers GmbH\",\"isPartOf\":{\"@id\":\"https:\\\/\\\/theturboengineers.com\\\/#website\"},\"primaryImageOfPage\":{\"@id\":\"https:\\\/\\\/theturboengineers.com\\\/sorglos-garantie\\\/#primaryimage\"},\"image\":{\"@id\":\"https:\\\/\\\/theturboengineers.com\\\/sorglos-garantie\\\/#primaryimage\"},\"thumbnailUrl\":\"https:\\\/\\\/theturboengineers.com\\\/wp-content\\\/uploads\\\/2023\\\/02\\\/Garantie_DE.jpg\",\"datePublished\":\"2023-02-01T08:52:36+00:00\",\"dateModified\":\"2024-12-04T10:12:57+00:00\",\"description\":\"Wir glauben, dass Sie mit unseren Turboladern zufrieden sind. Damit Sie sorgenfrei sein k\u00f6nnen, bieten wir dem Erstk\u00e4ufer eine sorglos Garantie f\u00fcr 1 Jahr.\",\"breadcrumb\":{\"@id\":\"https:\\\/\\\/theturboengineers.com\\\/sorglos-garantie\\\/#breadcrumb\"},\"inLanguage\":\"de\",\"potentialAction\":[{\"@type\":\"ReadAction\",\"target\":[\"https:\\\/\\\/theturboengineers.com\\\/sorglos-garantie\\\/\"]}]},{\"@type\":\"ImageObject\",\"inLanguage\":\"de\",\"@id\":\"https:\\\/\\\/theturboengineers.com\\\/sorglos-garantie\\\/#primaryimage\",\"url\":\"https:\\\/\\\/theturboengineers.com\\\/wp-content\\\/uploads\\\/2023\\\/02\\\/Garantie_DE.jpg\",\"contentUrl\":\"https:\\\/\\\/theturboengineers.com\\\/wp-content\\\/uploads\\\/2023\\\/02\\\/Garantie_DE.jpg\",\"width\":1000,\"height\":457,\"caption\":\"TTE The Turbo Engineers 1 Jahr sorglos Garantie auf Turbolader\"},{\"@type\":\"BreadcrumbList\",\"@id\":\"https:\\\/\\\/theturboengineers.com\\\/sorglos-garantie\\\/#breadcrumb\",\"itemListElement\":[{\"@type\":\"ListItem\",\"position\":1,\"name\":\"Startseite\",\"item\":\"https:\\\/\\\/theturboengineers.com\\\/\"},{\"@type\":\"ListItem\",\"position\":2,\"name\":\"Garantie\"}]},{\"@type\":\"WebSite\",\"@id\":\"https:\\\/\\\/theturboengineers.com\\\/#website\",\"url\":\"https:\\\/\\\/theturboengineers.com\\\/\",\"name\":\"TheTurboEngineers GmbH\",\"description\":\"ENGINEERING HAS MADE US\",\"publisher\":{\"@id\":\"https:\\\/\\\/theturboengineers.com\\\/#organization\"},\"alternateName\":\"TTE GmbH\",\"potentialAction\":[{\"@type\":\"SearchAction\",\"target\":{\"@type\":\"EntryPoint\",\"urlTemplate\":\"https:\\\/\\\/theturboengineers.com\\\/?s={search_term_string}\"},\"query-input\":{\"@type\":\"PropertyValueSpecification\",\"valueRequired\":true,\"valueName\":\"search_term_string\"}}],\"inLanguage\":\"de\"},{\"@type\":\"Organization\",\"@id\":\"https:\\\/\\\/theturboengineers.com\\\/#organization\",\"name\":\"The Turbo Engineers GmbH\",\"alternateName\":\"TTE GmbH\",\"url\":\"https:\\\/\\\/theturboengineers.com\\\/\",\"logo\":{\"@type\":\"ImageObject\",\"inLanguage\":\"de\",\"@id\":\"https:\\\/\\\/theturboengineers.com\\\/#\\\/schema\\\/logo\\\/image\\\/\",\"url\":\"https:\\\/\\\/theturboengineers.com\\\/wp-content\\\/uploads\\\/2022\\\/04\\\/TTE_Logo_ohne-web.jpg\",\"contentUrl\":\"https:\\\/\\\/theturboengineers.com\\\/wp-content\\\/uploads\\\/2022\\\/04\\\/TTE_Logo_ohne-web.jpg\",\"width\":1107,\"height\":186,\"caption\":\"The Turbo Engineers GmbH\"},\"image\":{\"@id\":\"https:\\\/\\\/theturboengineers.com\\\/#\\\/schema\\\/logo\\\/image\\\/\"},\"sameAs\":[\"https:\\\/\\\/www.facebook.com\\\/TheTurboEngineers\",\"https:\\\/\\\/www.instagram.com\\\/theturboengineers\"]}]}<\/script>\n<!-- \/ Yoast SEO plugin. -->","yoast_head_json":{"title":"TTE Sorglos Garantie | TheTurboEngineers GmbH","description":"Wir glauben, dass Sie mit unseren Turboladern zufrieden sind. Damit Sie sorgenfrei sein k\u00f6nnen, bieten wir dem Erstk\u00e4ufer eine sorglos Garantie f\u00fcr 1 Jahr.","robots":{"index":"index","follow":"follow","max-snippet":"max-snippet:-1","max-image-preview":"max-image-preview:large","max-video-preview":"max-video-preview:-1"},"canonical":"https:\/\/theturboengineers.com\/de_de\/sorglos-garantie\/","og_locale":"de_DE","og_type":"article","og_title":"TheTurboEngineers GmbH sorglos Garantie","og_description":"Wir glauben, dass Sie mit unseren Turboladern zufrieden sind. Damit Sie sorgenfrei sein k\u00f6nnen, bieten wir dem Erstk\u00e4ufer eine sorglos Garantie f\u00fcr 1 Jahr.","og_url":"https:\/\/theturboengineers.com\/de_de\/sorglos-garantie\/","og_site_name":"TheTurboEngineers GmbH","article_publisher":"https:\/\/www.facebook.com\/TheTurboEngineers","article_modified_time":"2024-12-04T10:12:57+00:00","og_image":[{"width":1000,"height":457,"url":"https:\/\/theturboengineers.com\/wp-content\/uploads\/2023\/02\/Garantie_DE.jpg","type":"image\/jpeg"}],"twitter_card":"summary_large_image","twitter_title":"TheTurboEngineers GmbH sorglos Garantie","twitter_description":"Wir glauben, dass Sie mit unseren Turboladern zufrieden sind. Damit Sie sorgenfrei sein k\u00f6nnen, bieten wir dem Erstk\u00e4ufer eine sorglos Garantie f\u00fcr 1 Jahr.","twitter_image":"https:\/\/theturboengineers.com\/wp-content\/uploads\/2023\/02\/Garantie_DE.jpg","twitter_misc":{"Gesch\u00e4tzte Lesezeit":"2\u00a0Minuten"},"schema":{"@context":"https:\/\/schema.org","@graph":[{"@type":"WebPage","@id":"https:\/\/theturboengineers.com\/sorglos-garantie\/","url":"https:\/\/theturboengineers.com\/sorglos-garantie\/","name":"TTE Sorglos Garantie | TheTurboEngineers GmbH","isPartOf":{"@id":"https:\/\/theturboengineers.com\/#website"},"primaryImageOfPage":{"@id":"https:\/\/theturboengineers.com\/sorglos-garantie\/#primaryimage"},"image":{"@id":"https:\/\/theturboengineers.com\/sorglos-garantie\/#primaryimage"},"thumbnailUrl":"https:\/\/theturboengineers.com\/wp-content\/uploads\/2023\/02\/Garantie_DE.jpg","datePublished":"2023-02-01T08:52:36+00:00","dateModified":"2024-12-04T10:12:57+00:00","description":"Wir glauben, dass Sie mit unseren Turboladern zufrieden sind. Damit Sie sorgenfrei sein k\u00f6nnen, bieten wir dem Erstk\u00e4ufer eine sorglos Garantie f\u00fcr 1 Jahr.","breadcrumb":{"@id":"https:\/\/theturboengineers.com\/sorglos-garantie\/#breadcrumb"},"inLanguage":"de","potentialAction":[{"@type":"ReadAction","target":["https:\/\/theturboengineers.com\/sorglos-garantie\/"]}]},{"@type":"ImageObject","inLanguage":"de","@id":"https:\/\/theturboengineers.com\/sorglos-garantie\/#primaryimage","url":"https:\/\/theturboengineers.com\/wp-content\/uploads\/2023\/02\/Garantie_DE.jpg","contentUrl":"https:\/\/theturboengineers.com\/wp-content\/uploads\/2023\/02\/Garantie_DE.jpg","width":1000,"height":457,"caption":"TTE The Turbo Engineers 1 Jahr sorglos Garantie auf Turbolader"},{"@type":"BreadcrumbList","@id":"https:\/\/theturboengineers.com\/sorglos-garantie\/#breadcrumb","itemListElement":[{"@type":"ListItem","position":1,"name":"Startseite","item":"https:\/\/theturboengineers.com\/"},{"@type":"ListItem","position":2,"name":"Garantie"}]},{"@type":"WebSite","@id":"https:\/\/theturboengineers.com\/#website","url":"https:\/\/theturboengineers.com\/","name":"TheTurboEngineers GmbH","description":"ENGINEERING HAS MADE US","publisher":{"@id":"https:\/\/theturboengineers.com\/#organization"},"alternateName":"TTE GmbH","potentialAction":[{"@type":"SearchAction","target":{"@type":"EntryPoint","urlTemplate":"https:\/\/theturboengineers.com\/?s={search_term_string}"},"query-input":{"@type":"PropertyValueSpecification","valueRequired":true,"valueName":"search_term_string"}}],"inLanguage":"de"},{"@type":"Organization","@id":"https:\/\/theturboengineers.com\/#organization","name":"The Turbo Engineers GmbH","alternateName":"TTE GmbH","url":"https:\/\/theturboengineers.com\/","logo":{"@type":"ImageObject","inLanguage":"de","@id":"https:\/\/theturboengineers.com\/#\/schema\/logo\/image\/","url":"https:\/\/theturboengineers.com\/wp-content\/uploads\/2022\/04\/TTE_Logo_ohne-web.jpg","contentUrl":"https:\/\/theturboengineers.com\/wp-content\/uploads\/2022\/04\/TTE_Logo_ohne-web.jpg","width":1107,"height":186,"caption":"The Turbo Engineers GmbH"},"image":{"@id":"https:\/\/theturboengineers.com\/#\/schema\/logo\/image\/"},"sameAs":["https:\/\/www.facebook.com\/TheTurboEngineers","https:\/\/www.instagram.com\/theturboengineers"]}]}},"_links":{"self":[{"href":"https:\/\/theturboengineers.com\/de_de\/wp-json\/wp\/v2\/pages\/3483","targetHints":{"allow":["GET"]}}],"collection":[{"href":"https:\/\/theturboengineers.com\/de_de\/wp-json\/wp\/v2\/pages"}],"about":[{"href":"https:\/\/theturboengineers.com\/de_de\/wp-json\/wp\/v2\/types\/page"}],"author":[{"embeddable":true,"href":"https:\/\/theturboengineers.com\/de_de\/wp-json\/wp\/v2\/users\/1"}],"replies":[{"embeddable":true,"href":"https:\/\/theturboengineers.com\/de_de\/wp-json\/wp\/v2\/comments?post=3483"}],"version-history":[{"count":0,"href":"https:\/\/theturboengineers.com\/de_de\/wp-json\/wp\/v2\/pages\/3483\/revisions"}],"wp:featuredmedia":[{"embeddable":true,"href":"https:\/\/theturboengineers.com\/de_de\/wp-json\/wp\/v2\/media\/3477"}],"wp:attachment":[{"href":"https:\/\/theturboengineers.com\/de_de\/wp-json\/wp\/v2\/media?parent=3483"}],"curies":[{"name":"wp","href":"https:\/\/api.w.org\/{rel}","templated":true}]}}