{"id":125,"date":"2026-03-28T20:02:50","date_gmt":"2026-03-28T20:02:50","guid":{"rendered":"https:\/\/theturboengineers.com\/?page_id=125"},"modified":"2026-03-28T20:02:50","modified_gmt":"2026-03-28T20:02:50","slug":"impressum","status":"publish","type":"page","link":"https:\/\/theturboengineers.com\/de_de\/impressum\/","title":{"rendered":"Impressum"},"content":{"rendered":"\t\t<div data-elementor-type=\"wp-page\" data-elementor-id=\"125\" class=\"elementor elementor-125\" data-elementor-settings=\"{&quot;ha_cmc_init_switcher&quot;:&quot;no&quot;}\" data-elementor-post-type=\"page\">\n\t\t\t\t\t\t<section class=\"elementor-section elementor-top-section elementor-element elementor-element-c16f1e9 elementor-section-boxed elementor-section-height-default elementor-section-height-default\" data-id=\"c16f1e9\" data-element_type=\"section\" data-e-type=\"section\">\n\t\t\t\t\t\t<div class=\"elementor-container elementor-column-gap-default\">\n\t\t\t\t\t<div class=\"elementor-column elementor-col-100 elementor-top-column elementor-element elementor-element-ff9db8b\" data-id=\"ff9db8b\" data-element_type=\"column\" data-e-type=\"column\">\n\t\t\t<div class=\"elementor-widget-wrap elementor-element-populated\">\n\t\t\t\t\t\t<div class=\"elementor-element elementor-element-27cea2f elementor-widget elementor-widget-heading\" data-id=\"27cea2f\" data-element_type=\"widget\" data-e-type=\"widget\" data-widget_type=\"heading.default\">\n\t\t\t\t<div class=\"elementor-widget-container\">\n\t\t\t\t\t<h1 class=\"elementor-heading-title elementor-size-default\">Impressum<\/h1>\t\t\t\t<\/div>\n\t\t\t\t<\/div>\n\t\t\t\t<div class=\"elementor-element elementor-element-eecf61d elementor-widget elementor-widget-shortcode\" data-id=\"eecf61d\" data-element_type=\"widget\" data-e-type=\"widget\" data-widget_type=\"shortcode.default\">\n\t\t\t\t<div class=\"elementor-widget-container\">\n\t\t\t\t\t\t\t<div class=\"elementor-shortcode\"><div  class=\"agb_content agb_imprint  notranslate\"><div>The Turbo Engineers GmbH<br \/>\nHans-B&ouml;ckler-Stra&szlig;e 6<br \/>\n85221 Dachau<br \/>\nDeutschland<br \/>\n<br \/>\nTel.: 081315794912<br \/>\nE-Mail: info@theturboengineers.com<br \/>\n<br \/>\nRegistergericht: Amtsgericht M&uuml;nchen<br \/>\nRegisternummer: HRB 217963<br \/>\n<br \/>\nGesch&auml;ftsf&uuml;hrer: Christopher M&ouml;hnle, Philipp Bauer<br \/>\n<br \/>\nUmsatzsteuer-Identifikationsnummer: DE299522945<br \/>\n<br \/>\nWir sind zur Teilnahme an einem Streitbeilegungsverfahren vor einer Verbraucherschlichtungsstelle weder verpflichtet noch bereit.<\/div><div id=\"itkanzlei_txt_copyright\" style=\"font-size: 12px; margin-top: 8em;\"><div style=\"display: inline-block; vertical-align: top; margin-left: 5px; float: right; white-space: nowrap;\">Stand: 28.03.2026, 21:02:49<\/div><div style=\"clear: right;\"><\/div><\/div><\/div><\/div>\n\t\t\t\t\t\t<\/div>\n\t\t\t\t<\/div>\n\t\t\t\t<section class=\"elementor-section elementor-inner-section elementor-element elementor-element-0a0f9de elementor-section-boxed elementor-section-height-default elementor-section-height-default\" data-id=\"0a0f9de\" data-element_type=\"section\" data-e-type=\"section\">\n\t\t\t\t\t\t<div class=\"elementor-container elementor-column-gap-default\">\n\t\t\t\t\t<div class=\"elementor-column elementor-col-100 elementor-inner-column elementor-element elementor-element-267d0bf\" data-id=\"267d0bf\" data-element_type=\"column\" data-e-type=\"column\">\n\t\t\t<div class=\"elementor-widget-wrap elementor-element-populated\">\n\t\t\t\t\t\t<div class=\"elementor-element elementor-element-e51b9e8 elementor-widget elementor-widget-heading\" data-id=\"e51b9e8\" data-element_type=\"widget\" data-e-type=\"widget\" data-widget_type=\"heading.default\">\n\t\t\t\t<div class=\"elementor-widget-container\">\n\t\t\t\t\t<h2 class=\"elementor-heading-title elementor-size-default\">Bildnachweis:<\/h2>\t\t\t\t<\/div>\n\t\t\t\t<\/div>\n\t\t\t\t<div class=\"elementor-element elementor-element-446c040 elementor-widget elementor-widget-heading\" data-id=\"446c040\" data-element_type=\"widget\" data-e-type=\"widget\" data-widget_type=\"heading.default\">\n\t\t\t\t<div class=\"elementor-widget-container\">\n\t\t\t\t\t<h2 class=\"elementor-heading-title elementor-size-default\">SeppVanHolzen<\/h2>\t\t\t\t<\/div>\n\t\t\t\t<\/div>\n\t\t\t\t<div class=\"elementor-element elementor-element-9547796 elementor-widget elementor-widget-heading\" data-id=\"9547796\" data-element_type=\"widget\" data-e-type=\"widget\" data-widget_type=\"heading.default\">\n\t\t\t\t<div class=\"elementor-widget-container\">\n\t\t\t\t\t<h2 class=\"elementor-heading-title elementor-size-default\">DLIGHTING pictures e.K., Felix Heyer<\/h2>\t\t\t\t<\/div>\n\t\t\t\t<\/div>\n\t\t\t\t\t<\/div>\n\t\t<\/div>\n\t\t\t\t\t<\/div>\n\t\t<\/section>\n\t\t\t\t\t<\/div>\n\t\t<\/div>\n\t\t\t\t\t<\/div>\n\t\t<\/section>\n\t\t\t\t<\/div>\n\t\t","protected":false},"excerpt":{"rendered":"<p>Impressum Bildnachweis: SeppVanHolzen DLIGHTING pictures e.K., Felix Heyer<\/p>\n","protected":false},"author":1,"featured_media":1694,"parent":0,"menu_order":0,"comment_status":"closed","ping_status":"closed","template":"elementor_header_footer","meta":{"footnotes":""},"class_list":["post-125","page","type-page","status-publish","has-post-thumbnail","hentry"],"yoast_head":"<!-- This site is optimized with the Yoast SEO plugin v27.3 - https:\/\/yoast.com\/product\/yoast-seo-wordpress\/ -->\n<title>Impressum | TheTurboEngineers GmbH<\/title>\n<meta name=\"description\" content=\"Der Hauptsitz von TurboEngineers befindet sich in Dachau am Stadtrand von M\u00fcnchen. Gesch\u00e4fstf\u00fchrer: Christopher M\u00f6hnle, Philipp Bauer\" \/>\n<meta name=\"robots\" content=\"index, follow, max-snippet:-1, max-image-preview:large, max-video-preview:-1\" \/>\n<link rel=\"canonical\" href=\"https:\/\/theturboengineers.com\/de_de\/impressum\/\" \/>\n<meta property=\"og:locale\" content=\"de_DE\" \/>\n<meta property=\"og:type\" content=\"article\" \/>\n<meta property=\"og:title\" content=\"TheTurboEngineers GmbH | Impressum\" \/>\n<meta property=\"og:description\" content=\"Der Hauptsitz von TurboEngineers befindet sich in Dachau am Stadtrand von M\u00fcnchen. Gesch\u00e4fstf\u00fchrer: Christopher M\u00f6hnle, Philipp Bauer\" \/>\n<meta property=\"og:url\" content=\"https:\/\/theturboengineers.com\/de_de\/impressum\/\" \/>\n<meta property=\"og:site_name\" content=\"TheTurboEngineers GmbH\" \/>\n<meta property=\"article:publisher\" content=\"https:\/\/www.facebook.com\/TheTurboEngineers\" \/>\n<meta property=\"og:image\" content=\"https:\/\/theturboengineers.com\/wp-content\/uploads\/2022\/07\/Passion_8.jpg\" \/>\n\t<meta property=\"og:image:width\" content=\"1000\" \/>\n\t<meta property=\"og:image:height\" content=\"667\" \/>\n\t<meta property=\"og:image:type\" content=\"image\/jpeg\" \/>\n<meta name=\"twitter:card\" content=\"summary_large_image\" \/>\n<meta name=\"twitter:title\" content=\"TheTurboEngineers GmbH | Impressum\" \/>\n<meta name=\"twitter:description\" content=\"Der Hauptsitz von TurboEngineers befindet sich in Dachau am Stadtrand von M\u00fcnchen. Gesch\u00e4fstf\u00fchrer: Christopher M\u00f6hnle, Philipp Bauer\" \/>\n<meta name=\"twitter:image\" content=\"https:\/\/theturboengineers.com\/wp-content\/uploads\/2022\/07\/Passion_8.jpg\" \/>\n<meta name=\"twitter:label1\" content=\"Gesch\u00e4tzte Lesezeit\" \/>\n\t<meta name=\"twitter:data1\" content=\"1\u00a0Minute\" \/>\n<script type=\"application\/ld+json\" class=\"yoast-schema-graph\">{\"@context\":\"https:\\\/\\\/schema.org\",\"@graph\":[{\"@type\":\"WebPage\",\"@id\":\"https:\\\/\\\/theturboengineers.com\\\/en\\\/impressum\\\/\",\"url\":\"https:\\\/\\\/theturboengineers.com\\\/en\\\/impressum\\\/\",\"name\":\"Impressum | TheTurboEngineers GmbH\",\"isPartOf\":{\"@id\":\"https:\\\/\\\/theturboengineers.com\\\/#website\"},\"primaryImageOfPage\":{\"@id\":\"https:\\\/\\\/theturboengineers.com\\\/en\\\/impressum\\\/#primaryimage\"},\"image\":{\"@id\":\"https:\\\/\\\/theturboengineers.com\\\/en\\\/impressum\\\/#primaryimage\"},\"thumbnailUrl\":\"https:\\\/\\\/theturboengineers.com\\\/wp-content\\\/uploads\\\/2022\\\/07\\\/Passion_8.jpg\",\"datePublished\":\"2026-03-28T20:02:50+00:00\",\"description\":\"Der Hauptsitz von TurboEngineers befindet sich in Dachau am Stadtrand von M\u00fcnchen. Gesch\u00e4fstf\u00fchrer: Christopher M\u00f6hnle, Philipp Bauer\",\"breadcrumb\":{\"@id\":\"https:\\\/\\\/theturboengineers.com\\\/en\\\/impressum\\\/#breadcrumb\"},\"inLanguage\":\"de\",\"potentialAction\":[{\"@type\":\"ReadAction\",\"target\":[\"https:\\\/\\\/theturboengineers.com\\\/en\\\/impressum\\\/\"]}]},{\"@type\":\"ImageObject\",\"inLanguage\":\"de\",\"@id\":\"https:\\\/\\\/theturboengineers.com\\\/en\\\/impressum\\\/#primaryimage\",\"url\":\"https:\\\/\\\/theturboengineers.com\\\/wp-content\\\/uploads\\\/2022\\\/07\\\/Passion_8.jpg\",\"contentUrl\":\"https:\\\/\\\/theturboengineers.com\\\/wp-content\\\/uploads\\\/2022\\\/07\\\/Passion_8.jpg\",\"width\":1000,\"height\":667,\"caption\":\"Rumpfgruppe upgrade Turbolader Ferrari 488 TTE950\"},{\"@type\":\"BreadcrumbList\",\"@id\":\"https:\\\/\\\/theturboengineers.com\\\/en\\\/impressum\\\/#breadcrumb\",\"itemListElement\":[{\"@type\":\"ListItem\",\"position\":1,\"name\":\"Startseite\",\"item\":\"https:\\\/\\\/theturboengineers.com\\\/\"},{\"@type\":\"ListItem\",\"position\":2,\"name\":\"Impressum\"}]},{\"@type\":\"WebSite\",\"@id\":\"https:\\\/\\\/theturboengineers.com\\\/#website\",\"url\":\"https:\\\/\\\/theturboengineers.com\\\/\",\"name\":\"TheTurboEngineers GmbH\",\"description\":\"ENGINEERING HAS MADE US\",\"publisher\":{\"@id\":\"https:\\\/\\\/theturboengineers.com\\\/#organization\"},\"alternateName\":\"TTE GmbH\",\"potentialAction\":[{\"@type\":\"SearchAction\",\"target\":{\"@type\":\"EntryPoint\",\"urlTemplate\":\"https:\\\/\\\/theturboengineers.com\\\/?s={search_term_string}\"},\"query-input\":{\"@type\":\"PropertyValueSpecification\",\"valueRequired\":true,\"valueName\":\"search_term_string\"}}],\"inLanguage\":\"de\"},{\"@type\":\"Organization\",\"@id\":\"https:\\\/\\\/theturboengineers.com\\\/#organization\",\"name\":\"The Turbo Engineers GmbH\",\"alternateName\":\"TTE GmbH\",\"url\":\"https:\\\/\\\/theturboengineers.com\\\/\",\"logo\":{\"@type\":\"ImageObject\",\"inLanguage\":\"de\",\"@id\":\"https:\\\/\\\/theturboengineers.com\\\/#\\\/schema\\\/logo\\\/image\\\/\",\"url\":\"https:\\\/\\\/theturboengineers.com\\\/wp-content\\\/uploads\\\/2022\\\/04\\\/TTE_Logo_ohne-web.jpg\",\"contentUrl\":\"https:\\\/\\\/theturboengineers.com\\\/wp-content\\\/uploads\\\/2022\\\/04\\\/TTE_Logo_ohne-web.jpg\",\"width\":1107,\"height\":186,\"caption\":\"The Turbo Engineers GmbH\"},\"image\":{\"@id\":\"https:\\\/\\\/theturboengineers.com\\\/#\\\/schema\\\/logo\\\/image\\\/\"},\"sameAs\":[\"https:\\\/\\\/www.facebook.com\\\/TheTurboEngineers\",\"https:\\\/\\\/www.instagram.com\\\/theturboengineers\"]}]}<\/script>\n<!-- \/ Yoast SEO plugin. -->","yoast_head_json":{"title":"Impressum | TheTurboEngineers GmbH","description":"Der Hauptsitz von TurboEngineers befindet sich in Dachau am Stadtrand von M\u00fcnchen. Gesch\u00e4fstf\u00fchrer: Christopher M\u00f6hnle, Philipp Bauer","robots":{"index":"index","follow":"follow","max-snippet":"max-snippet:-1","max-image-preview":"max-image-preview:large","max-video-preview":"max-video-preview:-1"},"canonical":"https:\/\/theturboengineers.com\/de_de\/impressum\/","og_locale":"de_DE","og_type":"article","og_title":"TheTurboEngineers GmbH | Impressum","og_description":"Der Hauptsitz von TurboEngineers befindet sich in Dachau am Stadtrand von M\u00fcnchen. Gesch\u00e4fstf\u00fchrer: Christopher M\u00f6hnle, Philipp Bauer","og_url":"https:\/\/theturboengineers.com\/de_de\/impressum\/","og_site_name":"TheTurboEngineers GmbH","article_publisher":"https:\/\/www.facebook.com\/TheTurboEngineers","og_image":[{"width":1000,"height":667,"url":"https:\/\/theturboengineers.com\/wp-content\/uploads\/2022\/07\/Passion_8.jpg","type":"image\/jpeg"}],"twitter_card":"summary_large_image","twitter_title":"TheTurboEngineers GmbH | Impressum","twitter_description":"Der Hauptsitz von TurboEngineers befindet sich in Dachau am Stadtrand von M\u00fcnchen. Gesch\u00e4fstf\u00fchrer: Christopher M\u00f6hnle, Philipp Bauer","twitter_image":"https:\/\/theturboengineers.com\/wp-content\/uploads\/2022\/07\/Passion_8.jpg","twitter_misc":{"Gesch\u00e4tzte Lesezeit":"1\u00a0Minute"},"schema":{"@context":"https:\/\/schema.org","@graph":[{"@type":"WebPage","@id":"https:\/\/theturboengineers.com\/en\/impressum\/","url":"https:\/\/theturboengineers.com\/en\/impressum\/","name":"Impressum | TheTurboEngineers GmbH","isPartOf":{"@id":"https:\/\/theturboengineers.com\/#website"},"primaryImageOfPage":{"@id":"https:\/\/theturboengineers.com\/en\/impressum\/#primaryimage"},"image":{"@id":"https:\/\/theturboengineers.com\/en\/impressum\/#primaryimage"},"thumbnailUrl":"https:\/\/theturboengineers.com\/wp-content\/uploads\/2022\/07\/Passion_8.jpg","datePublished":"2026-03-28T20:02:50+00:00","description":"Der Hauptsitz von TurboEngineers befindet sich in Dachau am Stadtrand von M\u00fcnchen. Gesch\u00e4fstf\u00fchrer: Christopher M\u00f6hnle, Philipp Bauer","breadcrumb":{"@id":"https:\/\/theturboengineers.com\/en\/impressum\/#breadcrumb"},"inLanguage":"de","potentialAction":[{"@type":"ReadAction","target":["https:\/\/theturboengineers.com\/en\/impressum\/"]}]},{"@type":"ImageObject","inLanguage":"de","@id":"https:\/\/theturboengineers.com\/en\/impressum\/#primaryimage","url":"https:\/\/theturboengineers.com\/wp-content\/uploads\/2022\/07\/Passion_8.jpg","contentUrl":"https:\/\/theturboengineers.com\/wp-content\/uploads\/2022\/07\/Passion_8.jpg","width":1000,"height":667,"caption":"Rumpfgruppe upgrade Turbolader Ferrari 488 TTE950"},{"@type":"BreadcrumbList","@id":"https:\/\/theturboengineers.com\/en\/impressum\/#breadcrumb","itemListElement":[{"@type":"ListItem","position":1,"name":"Startseite","item":"https:\/\/theturboengineers.com\/"},{"@type":"ListItem","position":2,"name":"Impressum"}]},{"@type":"WebSite","@id":"https:\/\/theturboengineers.com\/#website","url":"https:\/\/theturboengineers.com\/","name":"TheTurboEngineers GmbH","description":"ENGINEERING HAS MADE US","publisher":{"@id":"https:\/\/theturboengineers.com\/#organization"},"alternateName":"TTE GmbH","potentialAction":[{"@type":"SearchAction","target":{"@type":"EntryPoint","urlTemplate":"https:\/\/theturboengineers.com\/?s={search_term_string}"},"query-input":{"@type":"PropertyValueSpecification","valueRequired":true,"valueName":"search_term_string"}}],"inLanguage":"de"},{"@type":"Organization","@id":"https:\/\/theturboengineers.com\/#organization","name":"The Turbo Engineers GmbH","alternateName":"TTE GmbH","url":"https:\/\/theturboengineers.com\/","logo":{"@type":"ImageObject","inLanguage":"de","@id":"https:\/\/theturboengineers.com\/#\/schema\/logo\/image\/","url":"https:\/\/theturboengineers.com\/wp-content\/uploads\/2022\/04\/TTE_Logo_ohne-web.jpg","contentUrl":"https:\/\/theturboengineers.com\/wp-content\/uploads\/2022\/04\/TTE_Logo_ohne-web.jpg","width":1107,"height":186,"caption":"The Turbo Engineers GmbH"},"image":{"@id":"https:\/\/theturboengineers.com\/#\/schema\/logo\/image\/"},"sameAs":["https:\/\/www.facebook.com\/TheTurboEngineers","https:\/\/www.instagram.com\/theturboengineers"]}]}},"_links":{"self":[{"href":"https:\/\/theturboengineers.com\/de_de\/wp-json\/wp\/v2\/pages\/125","targetHints":{"allow":["GET"]}}],"collection":[{"href":"https:\/\/theturboengineers.com\/de_de\/wp-json\/wp\/v2\/pages"}],"about":[{"href":"https:\/\/theturboengineers.com\/de_de\/wp-json\/wp\/v2\/types\/page"}],"author":[{"embeddable":true,"href":"https:\/\/theturboengineers.com\/de_de\/wp-json\/wp\/v2\/users\/1"}],"replies":[{"embeddable":true,"href":"https:\/\/theturboengineers.com\/de_de\/wp-json\/wp\/v2\/comments?post=125"}],"version-history":[{"count":0,"href":"https:\/\/theturboengineers.com\/de_de\/wp-json\/wp\/v2\/pages\/125\/revisions"}],"wp:featuredmedia":[{"embeddable":true,"href":"https:\/\/theturboengineers.com\/de_de\/wp-json\/wp\/v2\/media\/1694"}],"wp:attachment":[{"href":"https:\/\/theturboengineers.com\/de_de\/wp-json\/wp\/v2\/media?parent=125"}],"curies":[{"name":"wp","href":"https:\/\/api.w.org\/{rel}","templated":true}]}}