{"id":4338,"date":"2023-07-28T16:52:47","date_gmt":"2023-07-28T16:52:47","guid":{"rendered":"https:\/\/theturboengineers.com\/?page_id=4338"},"modified":"2025-10-20T09:06:32","modified_gmt":"2025-10-20T09:06:32","slug":"downloads","status":"publish","type":"page","link":"http:\/\/theturboengineers.com\/en\/downloads\/","title":{"rendered":"Downloads"},"content":{"rendered":"\t\t<div data-elementor-type=\"wp-page\" data-elementor-id=\"4338\" class=\"elementor elementor-4338\" data-elementor-settings=\"{&quot;ha_cmc_init_switcher&quot;:&quot;no&quot;}\" data-elementor-post-type=\"page\">\n\t\t\t\t\t\t<section class=\"elementor-section elementor-top-section elementor-element elementor-element-388286a9 elementor-section-boxed elementor-section-height-default elementor-section-height-default\" data-id=\"388286a9\" data-element_type=\"section\" data-e-type=\"section\" data-settings=\"{&quot;background_background&quot;:&quot;classic&quot;,&quot;shape_divider_bottom&quot;:&quot;triangle-asymmetrical&quot;}\">\n\t\t\t\t\t<div class=\"elementor-shape elementor-shape-bottom\" aria-hidden=\"true\" data-negative=\"false\">\n\t\t\t<svg xmlns=\"http:\/\/www.w3.org\/2000\/svg\" viewBox=\"0 0 1000 100\" preserveAspectRatio=\"none\">\n\t<path class=\"elementor-shape-fill\" d=\"M738,99l262-93V0H0v5.6L738,99z\"\/>\n<\/svg>\t\t<\/div>\n\t\t\t\t\t<div class=\"elementor-container elementor-column-gap-default\">\n\t\t\t\t\t<div class=\"elementor-column elementor-col-100 elementor-top-column elementor-element elementor-element-32f0acbc\" data-id=\"32f0acbc\" data-element_type=\"column\" data-e-type=\"column\">\n\t\t\t<div class=\"elementor-widget-wrap elementor-element-populated\">\n\t\t\t\t\t\t<section class=\"elementor-section elementor-inner-section elementor-element elementor-element-3dbab64b elementor-section-height-min-height elementor-section-boxed elementor-section-height-default\" data-id=\"3dbab64b\" data-element_type=\"section\" data-e-type=\"section\">\n\t\t\t\t\t\t<div class=\"elementor-container elementor-column-gap-default\">\n\t\t\t\t\t<div class=\"elementor-column elementor-col-100 elementor-inner-column elementor-element elementor-element-142671dc\" data-id=\"142671dc\" data-element_type=\"column\" data-e-type=\"column\">\n\t\t\t<div class=\"elementor-widget-wrap\">\n\t\t\t\t\t\t\t<\/div>\n\t\t<\/div>\n\t\t\t\t\t<\/div>\n\t\t<\/section>\n\t\t\t\t\t<\/div>\n\t\t<\/div>\n\t\t\t\t\t<\/div>\n\t\t<\/section>\n\t\t\t\t<section class=\"elementor-section elementor-top-section elementor-element elementor-element-6ba12931 elementor-section-boxed elementor-section-height-default elementor-section-height-default\" data-id=\"6ba12931\" data-element_type=\"section\" data-e-type=\"section\">\n\t\t\t\t\t\t<div class=\"elementor-container elementor-column-gap-default\">\n\t\t\t\t\t<div class=\"elementor-column elementor-col-100 elementor-top-column elementor-element elementor-element-7407c0d3\" data-id=\"7407c0d3\" data-element_type=\"column\" data-e-type=\"column\">\n\t\t\t<div class=\"elementor-widget-wrap elementor-element-populated\">\n\t\t\t\t\t\t<div class=\"elementor-element elementor-element-57312fa6 elementor-widget elementor-widget-heading\" data-id=\"57312fa6\" data-element_type=\"widget\" data-e-type=\"widget\" data-widget_type=\"heading.default\">\n\t\t\t\t<div class=\"elementor-widget-container\">\n\t\t\t\t\t<h1 class=\"elementor-heading-title elementor-size-default\">Downloads<\/h1>\t\t\t\t<\/div>\n\t\t\t\t<\/div>\n\t\t\t\t<div class=\"elementor-element elementor-element-49b95814 elementor-widget elementor-widget-text-editor\" data-id=\"49b95814\" data-element_type=\"widget\" data-e-type=\"widget\" data-widget_type=\"text-editor.default\">\n\t\t\t\t<div class=\"elementor-widget-container\">\n\t\t\t\t\t\t\t\t\t<p>In unserer Download Datenbank findest du technische Informationen, Formulare und alle anderen Dokumente unserer Produkte. Au\u00dferdem kannst du dir mit dem TTExxx-Generator selbst PDF Vorlagen f\u00fcr dein Produkt zum Plotten generieren.<\/p>\t\t\t\t\t\t\t\t<\/div>\n\t\t\t\t<\/div>\n\t\t\t\t\t<\/div>\n\t\t<\/div>\n\t\t\t\t\t<\/div>\n\t\t<\/section>\n\t\t\t\t<section class=\"elementor-section elementor-top-section elementor-element elementor-element-d171d1a elementor-section-boxed elementor-section-height-default elementor-section-height-default\" data-id=\"d171d1a\" data-element_type=\"section\" data-e-type=\"section\">\n\t\t\t\t\t\t<div class=\"elementor-container elementor-column-gap-default\">\n\t\t\t\t\t<div class=\"elementor-column elementor-col-50 elementor-top-column elementor-element elementor-element-1a8dacb\" data-id=\"1a8dacb\" data-element_type=\"column\" data-e-type=\"column\">\n\t\t\t<div class=\"elementor-widget-wrap elementor-element-populated\">\n\t\t\t\t\t\t<div class=\"elementor-element elementor-element-e691a0f elementor-widget elementor-widget-heading\" data-id=\"e691a0f\" data-element_type=\"widget\" data-e-type=\"widget\" data-widget_type=\"heading.default\">\n\t\t\t\t<div class=\"elementor-widget-container\">\n\t\t\t\t\t<h1 class=\"elementor-heading-title elementor-size-default\">Anleitungen<\/h1>\t\t\t\t<\/div>\n\t\t\t\t<\/div>\n\t\t\t\t<div class=\"elementor-element elementor-element-a5289f8 elementor-icon-list--layout-traditional elementor-list-item-link-full_width elementor-widget elementor-widget-icon-list\" data-id=\"a5289f8\" data-element_type=\"widget\" data-e-type=\"widget\" data-widget_type=\"icon-list.default\">\n\t\t\t\t<div class=\"elementor-widget-container\">\n\t\t\t\t\t\t\t<ul class=\"elementor-icon-list-items\">\n\t\t\t\t\t\t\t<li class=\"elementor-icon-list-item\">\n\t\t\t\t\t\t\t\t\t\t\t<a href=\"https:\/\/theturboengineers.com\/einbauhinweise-turbolader\/\" target=\"_blank\">\n\n\t\t\t\t\t\t\t\t\t\t\t\t<span class=\"elementor-icon-list-icon\">\n\t\t\t\t\t\t\t<i aria-hidden=\"true\" class=\"icontte icon-tteturbinenrad_icon\"><\/i>\t\t\t\t\t\t<\/span>\n\t\t\t\t\t\t\t\t\t\t<span class=\"elementor-icon-list-text\">Einbauhinweise f\u00fcr Turbolader<\/span>\n\t\t\t\t\t\t\t\t\t\t\t<\/a>\n\t\t\t\t\t\t\t\t\t<\/li>\n\t\t\t\t\t\t<\/ul>\n\t\t\t\t\t\t<\/div>\n\t\t\t\t<\/div>\n\t\t\t\t<div class=\"elementor-element elementor-element-17e000d elementor-hidden-widescreen elementor-hidden-desktop elementor-hidden-tablet elementor-hidden-mobile elementor-icon-list--layout-traditional elementor-list-item-link-full_width elementor-widget elementor-widget-icon-list\" data-id=\"17e000d\" data-element_type=\"widget\" data-e-type=\"widget\" data-widget_type=\"icon-list.default\">\n\t\t\t\t<div class=\"elementor-widget-container\">\n\t\t\t\t\t\t\t<ul class=\"elementor-icon-list-items\">\n\t\t\t\t\t\t\t<li class=\"elementor-icon-list-item\">\n\t\t\t\t\t\t\t\t\t\t\t<a href=\"https:\/\/theturboengineers.com\/wp-content\/uploads\/2023\/08\/TTE1020.pdf\" target=\"_blank\">\n\n\t\t\t\t\t\t\t\t\t\t\t\t<span class=\"elementor-icon-list-icon\">\n\t\t\t\t\t\t\t<i aria-hidden=\"true\" class=\"icontte icon-tteturbinenrad_icon\"><\/i>\t\t\t\t\t\t<\/span>\n\t\t\t\t\t\t\t\t\t\t<span class=\"elementor-icon-list-text\">Audi RS6 C8 TTE1020<\/span>\n\t\t\t\t\t\t\t\t\t\t\t<\/a>\n\t\t\t\t\t\t\t\t\t<\/li>\n\t\t\t\t\t\t<\/ul>\n\t\t\t\t\t\t<\/div>\n\t\t\t\t<\/div>\n\t\t\t\t<div class=\"elementor-element elementor-element-137b2bc elementor-icon-list--layout-traditional elementor-list-item-link-full_width elementor-widget elementor-widget-icon-list\" data-id=\"137b2bc\" data-element_type=\"widget\" data-e-type=\"widget\" data-widget_type=\"icon-list.default\">\n\t\t\t\t<div class=\"elementor-widget-container\">\n\t\t\t\t\t\t\t<ul class=\"elementor-icon-list-items\">\n\t\t\t\t\t\t\t<li class=\"elementor-icon-list-item\">\n\t\t\t\t\t\t\t\t\t\t\t<a href=\"https:\/\/tteglobal.com\/media\/video\/b1\/59\/d0\/TTE-BMW-S55-CRANK-HUB-UPGRADE-YIDEO-1.mp4\" target=\"_blank\">\n\n\t\t\t\t\t\t\t\t\t\t\t\t<span class=\"elementor-icon-list-icon\">\n\t\t\t\t\t\t\t<i aria-hidden=\"true\" class=\"icontte icon-tteturbinenrad_icon\"><\/i>\t\t\t\t\t\t<\/span>\n\t\t\t\t\t\t\t\t\t\t<span class=\"elementor-icon-list-text\">Crank Hub Fix BMW S55<\/span>\n\t\t\t\t\t\t\t\t\t\t\t<\/a>\n\t\t\t\t\t\t\t\t\t<\/li>\n\t\t\t\t\t\t<\/ul>\n\t\t\t\t\t\t<\/div>\n\t\t\t\t<\/div>\n\t\t\t\t\t<\/div>\n\t\t<\/div>\n\t\t\t\t<div class=\"elementor-column elementor-col-50 elementor-top-column elementor-element elementor-element-9f3a225\" data-id=\"9f3a225\" data-element_type=\"column\" data-e-type=\"column\">\n\t\t\t<div class=\"elementor-widget-wrap\">\n\t\t\t\t\t\t\t<\/div>\n\t\t<\/div>\n\t\t\t\t\t<\/div>\n\t\t<\/section>\n\t\t\t\t<section class=\"elementor-section elementor-top-section elementor-element elementor-element-8b6628a elementor-section-boxed elementor-section-height-default elementor-section-height-default\" data-id=\"8b6628a\" data-element_type=\"section\" data-e-type=\"section\">\n\t\t\t\t\t\t<div class=\"elementor-container elementor-column-gap-default\">\n\t\t\t\t\t<div class=\"elementor-column elementor-col-50 elementor-top-column elementor-element elementor-element-a93e6bb\" data-id=\"a93e6bb\" data-element_type=\"column\" data-e-type=\"column\">\n\t\t\t<div class=\"elementor-widget-wrap elementor-element-populated\">\n\t\t\t\t\t\t<div class=\"elementor-element elementor-element-4b6d00e elementor-widget elementor-widget-menu-anchor\" data-id=\"4b6d00e\" data-element_type=\"widget\" data-e-type=\"widget\" data-widget_type=\"menu-anchor.default\">\n\t\t\t\t<div class=\"elementor-widget-container\">\n\t\t\t\t\t\t\t<div class=\"elementor-menu-anchor\" id=\"generator\"><\/div>\n\t\t\t\t\t\t<\/div>\n\t\t\t\t<\/div>\n\t\t\t\t<div class=\"elementor-element elementor-element-45f78ad elementor-widget elementor-widget-heading\" data-id=\"45f78ad\" data-element_type=\"widget\" data-e-type=\"widget\" data-widget_type=\"heading.default\">\n\t\t\t\t<div class=\"elementor-widget-container\">\n\t\t\t\t\t<h1 class=\"elementor-heading-title elementor-size-default\">TTExxx-Sticker-Generator<\/h1>\t\t\t\t<\/div>\n\t\t\t\t<\/div>\n\t\t\t\t<div class=\"elementor-element elementor-element-0d80650 elementor-button-align-stretch elementor-widget elementor-widget-form\" data-id=\"0d80650\" data-element_type=\"widget\" data-e-type=\"widget\" data-settings=\"{&quot;button_width&quot;:&quot;70&quot;,&quot;step_next_label&quot;:&quot;N\\u00e4chster&quot;,&quot;step_previous_label&quot;:&quot;Voriger&quot;,&quot;step_type&quot;:&quot;none&quot;,&quot;step_icon_shape&quot;:&quot;none&quot;}\" data-widget_type=\"form.default\">\n\t\t\t\t<div class=\"elementor-widget-container\">\n\t\t\t\t\t\t\t<form class=\"elementor-form\" method=\"post\" id=\"tte_generator\" name=\"TTEXXX-Generator\" aria-label=\"TTEXXX-Generator\">\n\t\t\t<input type=\"hidden\" name=\"post_id\" value=\"4338\"\/>\n\t\t\t<input type=\"hidden\" name=\"form_id\" value=\"0d80650\"\/>\n\t\t\t<input type=\"hidden\" name=\"referer_title\" value=\"TheTurboEngineers GmbH\" \/>\n\n\t\t\t\n\t\t\t<div class=\"elementor-form-fields-wrapper elementor-labels-\">\n\t\t\t\t\t\t\t\t<div class=\"elementor-field-type-text elementor-field-group elementor-column elementor-field-group-tte elementor-col-100 elementor-field-required\">\n\t\t\t\t\t\t\t\t\t\t\t\t<label for=\"form-field-tte\" class=\"elementor-field-label elementor-screen-only\">\n\t\t\t\t\t\t\t\tDein TTE Produkt\t\t\t\t\t\t\t<\/label>\n\t\t\t\t\t\t\t\t\t\t\t\t\t\t<input size=\"1\" type=\"text\" name=\"form_fields[tte]\" id=\"form-field-tte\" class=\"elementor-field elementor-size-sm  elementor-field-textual\" placeholder=\"z.B. TTE800\" required=\"required\">\n\t\t\t\t\t\t\t\t\t\t\t<\/div>\n\t\t\t\t\t\t\t\t<div class=\"elementor-field-group elementor-column elementor-field-type-submit elementor-col-70 e-form__buttons\">\n\t\t\t\t\t<button class=\"elementor-button elementor-size-sm\" type=\"submit\" id=\"Sticker_generieren\">\n\t\t\t\t\t\t<span class=\"elementor-button-content-wrapper\">\n\t\t\t\t\t\t\t\t\t\t\t\t\t\t\t\t\t\t\t\t\t\t<span class=\"elementor-button-text\">PDF Sticker generieren<\/span>\n\t\t\t\t\t\t\t\t\t\t\t\t\t<\/span>\n\t\t\t\t\t<\/button>\n\t\t\t\t<\/div>\n\t\t\t<\/div>\n\t\t<\/form>\n\t\t\t\t\t\t<\/div>\n\t\t\t\t<\/div>\n\t\t\t\t\t<\/div>\n\t\t<\/div>\n\t\t\t\t<div class=\"elementor-column elementor-col-50 elementor-top-column elementor-element elementor-element-07bb4b3\" data-id=\"07bb4b3\" data-element_type=\"column\" data-e-type=\"column\">\n\t\t\t<div class=\"elementor-widget-wrap\">\n\t\t\t\t\t\t\t<\/div>\n\t\t<\/div>\n\t\t\t\t\t<\/div>\n\t\t<\/section>\n\t\t\t\t<\/div>\n\t\t","protected":false},"excerpt":{"rendered":"<p>Downloads In unserer Download Datenbank findest du technische Informationen, Formulare und alle anderen Dokumente unserer Produkte. Au\u00dferdem kannst du dir mit dem TTExxx-Generator selbst PDF Vorlagen f\u00fcr dein Produkt zum Plotten generieren. Anleitungen Einbauhinweise f\u00fcr Turbolader Audi RS6 C8 TTE1020 Crank Hub Fix BMW S55 TTExxx-Sticker-Generator<\/p>","protected":false},"author":1,"featured_media":0,"parent":0,"menu_order":0,"comment_status":"closed","ping_status":"closed","template":"elementor_header_footer","meta":{"footnotes":""},"class_list":["post-4338","page","type-page","status-publish","hentry"],"yoast_head":"<!-- This site is optimized with the Yoast SEO plugin v27.3 - https:\/\/yoast.com\/product\/yoast-seo-wordpress\/ -->\n<title>Downloads | TheTurboEngineers GmbH<\/title>\n<meta name=\"robots\" content=\"index, follow, max-snippet:-1, max-image-preview:large, max-video-preview:-1\" \/>\n<link rel=\"canonical\" href=\"https:\/\/theturboengineers.com\/en\/downloads\/\" \/>\n<meta property=\"og:locale\" content=\"en_US\" \/>\n<meta property=\"og:type\" content=\"article\" \/>\n<meta property=\"og:title\" content=\"Downloads | TheTurboEngineers GmbH\" \/>\n<meta property=\"og:description\" content=\"Downloads In unserer Download Datenbank findest du technische Informationen, Formulare und alle anderen Dokumente unserer Produkte. Au\u00dferdem kannst du dir mit dem TTExxx-Generator selbst PDF Vorlagen f\u00fcr dein Produkt zum Plotten generieren. Anleitungen Einbauhinweise f\u00fcr Turbolader Audi RS6 C8 TTE1020 Crank Hub Fix BMW S55 TTExxx-Sticker-Generator\" \/>\n<meta property=\"og:url\" content=\"https:\/\/theturboengineers.com\/en\/downloads\/\" \/>\n<meta property=\"og:site_name\" content=\"TheTurboEngineers GmbH\" \/>\n<meta property=\"article:publisher\" content=\"https:\/\/www.facebook.com\/TheTurboEngineers\" \/>\n<meta property=\"article:modified_time\" content=\"2025-10-20T09:06:32+00:00\" \/>\n<meta property=\"og:image\" content=\"https:\/\/theturboengineers.com\/wp-content\/uploads\/2022\/07\/Passion_6.jpg\" \/>\n\t<meta property=\"og:image:width\" content=\"1000\" \/>\n\t<meta property=\"og:image:height\" content=\"667\" \/>\n\t<meta property=\"og:image:type\" content=\"image\/jpeg\" \/>\n<meta name=\"twitter:card\" content=\"summary_large_image\" \/>\n<meta name=\"twitter:label1\" content=\"Est. reading time\" \/>\n\t<meta name=\"twitter:data1\" content=\"1 minute\" \/>\n<script type=\"application\/ld+json\" class=\"yoast-schema-graph\">{\"@context\":\"https:\\\/\\\/schema.org\",\"@graph\":[{\"@type\":\"WebPage\",\"@id\":\"https:\\\/\\\/theturboengineers.com\\\/downloads\\\/\",\"url\":\"https:\\\/\\\/theturboengineers.com\\\/downloads\\\/\",\"name\":\"Downloads | TheTurboEngineers GmbH\",\"isPartOf\":{\"@id\":\"https:\\\/\\\/theturboengineers.com\\\/#website\"},\"datePublished\":\"2023-07-28T16:52:47+00:00\",\"dateModified\":\"2025-10-20T09:06:32+00:00\",\"breadcrumb\":{\"@id\":\"https:\\\/\\\/theturboengineers.com\\\/downloads\\\/#breadcrumb\"},\"inLanguage\":\"en-US\",\"potentialAction\":[{\"@type\":\"ReadAction\",\"target\":[\"https:\\\/\\\/theturboengineers.com\\\/downloads\\\/\"]}]},{\"@type\":\"BreadcrumbList\",\"@id\":\"https:\\\/\\\/theturboengineers.com\\\/downloads\\\/#breadcrumb\",\"itemListElement\":[{\"@type\":\"ListItem\",\"position\":1,\"name\":\"Startseite\",\"item\":\"https:\\\/\\\/theturboengineers.com\\\/\"},{\"@type\":\"ListItem\",\"position\":2,\"name\":\"Downloads\"}]},{\"@type\":\"WebSite\",\"@id\":\"https:\\\/\\\/theturboengineers.com\\\/#website\",\"url\":\"https:\\\/\\\/theturboengineers.com\\\/\",\"name\":\"TheTurboEngineers GmbH\",\"description\":\"ENGINEERING HAS MADE US\",\"publisher\":{\"@id\":\"https:\\\/\\\/theturboengineers.com\\\/#organization\"},\"alternateName\":\"TTE GmbH\",\"potentialAction\":[{\"@type\":\"SearchAction\",\"target\":{\"@type\":\"EntryPoint\",\"urlTemplate\":\"https:\\\/\\\/theturboengineers.com\\\/?s={search_term_string}\"},\"query-input\":{\"@type\":\"PropertyValueSpecification\",\"valueRequired\":true,\"valueName\":\"search_term_string\"}}],\"inLanguage\":\"en-US\"},{\"@type\":\"Organization\",\"@id\":\"https:\\\/\\\/theturboengineers.com\\\/#organization\",\"name\":\"The Turbo Engineers GmbH\",\"alternateName\":\"TTE GmbH\",\"url\":\"https:\\\/\\\/theturboengineers.com\\\/\",\"logo\":{\"@type\":\"ImageObject\",\"inLanguage\":\"en-US\",\"@id\":\"https:\\\/\\\/theturboengineers.com\\\/#\\\/schema\\\/logo\\\/image\\\/\",\"url\":\"https:\\\/\\\/theturboengineers.com\\\/wp-content\\\/uploads\\\/2022\\\/04\\\/TTE_Logo_ohne-web.jpg\",\"contentUrl\":\"https:\\\/\\\/theturboengineers.com\\\/wp-content\\\/uploads\\\/2022\\\/04\\\/TTE_Logo_ohne-web.jpg\",\"width\":1107,\"height\":186,\"caption\":\"The Turbo Engineers GmbH\"},\"image\":{\"@id\":\"https:\\\/\\\/theturboengineers.com\\\/#\\\/schema\\\/logo\\\/image\\\/\"},\"sameAs\":[\"https:\\\/\\\/www.facebook.com\\\/TheTurboEngineers\",\"https:\\\/\\\/www.instagram.com\\\/theturboengineers\"]}]}<\/script>\n<!-- \/ Yoast SEO plugin. -->","yoast_head_json":{"title":"Downloads | TheTurboEngineers GmbH","robots":{"index":"index","follow":"follow","max-snippet":"max-snippet:-1","max-image-preview":"max-image-preview:large","max-video-preview":"max-video-preview:-1"},"canonical":"https:\/\/theturboengineers.com\/en\/downloads\/","og_locale":"en_US","og_type":"article","og_title":"Downloads | TheTurboEngineers GmbH","og_description":"Downloads In unserer Download Datenbank findest du technische Informationen, Formulare und alle anderen Dokumente unserer Produkte. Au\u00dferdem kannst du dir mit dem TTExxx-Generator selbst PDF Vorlagen f\u00fcr dein Produkt zum Plotten generieren. Anleitungen Einbauhinweise f\u00fcr Turbolader Audi RS6 C8 TTE1020 Crank Hub Fix BMW S55 TTExxx-Sticker-Generator","og_url":"https:\/\/theturboengineers.com\/en\/downloads\/","og_site_name":"TheTurboEngineers GmbH","article_publisher":"https:\/\/www.facebook.com\/TheTurboEngineers","article_modified_time":"2025-10-20T09:06:32+00:00","og_image":[{"width":1000,"height":667,"url":"https:\/\/theturboengineers.com\/wp-content\/uploads\/2022\/07\/Passion_6.jpg","type":"image\/jpeg"}],"twitter_card":"summary_large_image","twitter_misc":{"Est. reading time":"1 minute"},"schema":{"@context":"https:\/\/schema.org","@graph":[{"@type":"WebPage","@id":"https:\/\/theturboengineers.com\/downloads\/","url":"https:\/\/theturboengineers.com\/downloads\/","name":"Downloads | TheTurboEngineers GmbH","isPartOf":{"@id":"https:\/\/theturboengineers.com\/#website"},"datePublished":"2023-07-28T16:52:47+00:00","dateModified":"2025-10-20T09:06:32+00:00","breadcrumb":{"@id":"https:\/\/theturboengineers.com\/downloads\/#breadcrumb"},"inLanguage":"en-US","potentialAction":[{"@type":"ReadAction","target":["https:\/\/theturboengineers.com\/downloads\/"]}]},{"@type":"BreadcrumbList","@id":"https:\/\/theturboengineers.com\/downloads\/#breadcrumb","itemListElement":[{"@type":"ListItem","position":1,"name":"Startseite","item":"https:\/\/theturboengineers.com\/"},{"@type":"ListItem","position":2,"name":"Downloads"}]},{"@type":"WebSite","@id":"https:\/\/theturboengineers.com\/#website","url":"https:\/\/theturboengineers.com\/","name":"TheTurboEngineers GmbH","description":"ENGINEERING HAS MADE US","publisher":{"@id":"https:\/\/theturboengineers.com\/#organization"},"alternateName":"TTE GmbH","potentialAction":[{"@type":"SearchAction","target":{"@type":"EntryPoint","urlTemplate":"https:\/\/theturboengineers.com\/?s={search_term_string}"},"query-input":{"@type":"PropertyValueSpecification","valueRequired":true,"valueName":"search_term_string"}}],"inLanguage":"en-US"},{"@type":"Organization","@id":"https:\/\/theturboengineers.com\/#organization","name":"The Turbo Engineers GmbH","alternateName":"TTE GmbH","url":"https:\/\/theturboengineers.com\/","logo":{"@type":"ImageObject","inLanguage":"en-US","@id":"https:\/\/theturboengineers.com\/#\/schema\/logo\/image\/","url":"https:\/\/theturboengineers.com\/wp-content\/uploads\/2022\/04\/TTE_Logo_ohne-web.jpg","contentUrl":"https:\/\/theturboengineers.com\/wp-content\/uploads\/2022\/04\/TTE_Logo_ohne-web.jpg","width":1107,"height":186,"caption":"The Turbo Engineers GmbH"},"image":{"@id":"https:\/\/theturboengineers.com\/#\/schema\/logo\/image\/"},"sameAs":["https:\/\/www.facebook.com\/TheTurboEngineers","https:\/\/www.instagram.com\/theturboengineers"]}]}},"_links":{"self":[{"href":"http:\/\/theturboengineers.com\/en\/wp-json\/wp\/v2\/pages\/4338","targetHints":{"allow":["GET"]}}],"collection":[{"href":"http:\/\/theturboengineers.com\/en\/wp-json\/wp\/v2\/pages"}],"about":[{"href":"http:\/\/theturboengineers.com\/en\/wp-json\/wp\/v2\/types\/page"}],"author":[{"embeddable":true,"href":"http:\/\/theturboengineers.com\/en\/wp-json\/wp\/v2\/users\/1"}],"replies":[{"embeddable":true,"href":"http:\/\/theturboengineers.com\/en\/wp-json\/wp\/v2\/comments?post=4338"}],"version-history":[{"count":0,"href":"http:\/\/theturboengineers.com\/en\/wp-json\/wp\/v2\/pages\/4338\/revisions"}],"wp:attachment":[{"href":"http:\/\/theturboengineers.com\/en\/wp-json\/wp\/v2\/media?parent=4338"}],"curies":[{"name":"wp","href":"https:\/\/api.w.org\/{rel}","templated":true}]}}